{"id":50,"date":"2024-12-01T22:11:16","date_gmt":"2024-12-01T22:11:16","guid":{"rendered":"https:\/\/limebaymedia.fi\/?page_id=50"},"modified":"2025-01-23T12:22:00","modified_gmt":"2025-01-23T10:22:00","slug":"contact","status":"publish","type":"page","link":"https:\/\/limebaymedia.fi\/sv\/contact\/","title":{"rendered":"Kontakt"},"content":{"rendered":"<div class=\"wp-block-group has-global-padding is-layout-constrained wp-block-group-is-layout-constrained\">\n<h2 class=\"wp-block-heading has-text-align-center has-black-color has-text-color has-link-color wp-elements-8294d8d6c349760464a7829009ffb6a1\">Jag vill jobba med dig!<\/h2>\n\n\n\n<p class=\"has-text-align-center\">Sl\u00e4ng iv\u00e4g ett meddelande eller sl\u00e5 en signal \u2013 Jag ser fram emot att h\u00f6ra hur jag kan hj\u00e4lpa just DIG!<\/p>\n<\/div>\n\n\n\n<p><\/p>\n\n\n\n<h2 class=\"wp-block-heading has-text-align-center\">Kontakt<\/h2>\n\n\n\n<div class=\"wp-block-group has-global-padding is-layout-constrained wp-block-group-is-layout-constrained\">\n<p class=\"has-text-align-center\">LimeBay Media<\/p>\n\n\n\n<p class=\"has-text-align-center\">felix@limebaymedia.fi<\/p>\n\n\n\n<p class=\"has-text-align-center\">+358 45 351 5277<\/p>\n<\/div>\n\n\n\n<p><\/p>\n\n\n\n<div class=\"wp-block-group has-global-padding is-layout-constrained wp-block-group-is-layout-constrained\" style=\"margin-bottom:var(--wp--preset--spacing--80)\">\n<p class=\"has-text-align-center\">F:ma LimeBay Media<\/p>\n\n\n\n<p class=\"has-text-align-center\"><strong>3483105-6<\/strong><\/p>\n<\/div>","protected":false},"excerpt":{"rendered":"<p>I want to work with you! Shoot me a message or give me a call \u2013 I&#8217;d love to see how I can help YOU! Contact LimeBay Media felix@limebaymedia.fi +358 45 351 5277 F:ma LimeBay Media 3483105-6<\/p>","protected":false},"author":1,"featured_media":218,"parent":0,"menu_order":0,"comment_status":"closed","ping_status":"closed","template":"","meta":{"_eb_attr":"","footnotes":""},"class_list":["post-50","page","type-page","status-publish","has-post-thumbnail","hentry"],"_links":{"self":[{"href":"https:\/\/limebaymedia.fi\/sv\/wp-json\/wp\/v2\/pages\/50","targetHints":{"allow":["GET"]}}],"collection":[{"href":"https:\/\/limebaymedia.fi\/sv\/wp-json\/wp\/v2\/pages"}],"about":[{"href":"https:\/\/limebaymedia.fi\/sv\/wp-json\/wp\/v2\/types\/page"}],"author":[{"embeddable":true,"href":"https:\/\/limebaymedia.fi\/sv\/wp-json\/wp\/v2\/users\/1"}],"replies":[{"embeddable":true,"href":"https:\/\/limebaymedia.fi\/sv\/wp-json\/wp\/v2\/comments?post=50"}],"version-history":[{"count":5,"href":"https:\/\/limebaymedia.fi\/sv\/wp-json\/wp\/v2\/pages\/50\/revisions"}],"predecessor-version":[{"id":394,"href":"https:\/\/limebaymedia.fi\/sv\/wp-json\/wp\/v2\/pages\/50\/revisions\/394"}],"wp:featuredmedia":[{"embeddable":true,"href":"https:\/\/limebaymedia.fi\/sv\/wp-json\/wp\/v2\/media\/218"}],"wp:attachment":[{"href":"https:\/\/limebaymedia.fi\/sv\/wp-json\/wp\/v2\/media?parent=50"}],"curies":[{"name":"wp","href":"https:\/\/api.w.org\/{rel}","templated":true}]}}