{"id":411,"date":"2025-04-10T20:41:05","date_gmt":"2025-04-10T18:41:05","guid":{"rendered":"https:\/\/limebaymedia.fi\/?page_id=411"},"modified":"2025-04-10T22:35:20","modified_gmt":"2025-04-10T20:35:20","slug":"portrait-campaign-spring-2025","status":"publish","type":"page","link":"https:\/\/limebaymedia.fi\/sv\/portrait-campaign-spring-2025\/","title":{"rendered":"Portrait Campaign \u2013 Spring 2025"},"content":{"rendered":"<div class=\"wp-block-group is-layout-flow wp-block-group-is-layout-flow\">\n<figure class=\"wp-block-gallery has-nested-images columns-5 is-cropped wp-block-gallery-1 is-layout-flex wp-block-gallery-is-layout-flex\">\n<figure class=\"wp-block-image size-large\"><img loading=\"lazy\" decoding=\"async\" width=\"682\" height=\"1024\" data-id=\"332\" src=\"https:\/\/limebaymedia.fi\/wp-content\/uploads\/2024\/12\/FelixLindvik_AdaStudent_20230508_3-682x1024.jpg\" alt=\"\" class=\"wp-image-332\" srcset=\"https:\/\/limebaymedia.fi\/wp-content\/uploads\/2024\/12\/FelixLindvik_AdaStudent_20230508_3-682x1024.jpg 682w, https:\/\/limebaymedia.fi\/wp-content\/uploads\/2024\/12\/FelixLindvik_AdaStudent_20230508_3-200x300.jpg 200w, https:\/\/limebaymedia.fi\/wp-content\/uploads\/2024\/12\/FelixLindvik_AdaStudent_20230508_3-768x1152.jpg 768w, https:\/\/limebaymedia.fi\/wp-content\/uploads\/2024\/12\/FelixLindvik_AdaStudent_20230508_3-1024x1536.jpg 1024w, https:\/\/limebaymedia.fi\/wp-content\/uploads\/2024\/12\/FelixLindvik_AdaStudent_20230508_3.jpg 1333w\" sizes=\"auto, (max-width: 682px) 100vw, 682px\" \/><\/figure>\n\n\n\n<figure class=\"wp-block-image size-large\"><img loading=\"lazy\" decoding=\"async\" width=\"682\" height=\"1024\" data-id=\"443\" src=\"https:\/\/limebaymedia.fi\/wp-content\/uploads\/2025\/04\/FelixLindvik_Websize-ClaraKonfirmation_20230617_10-682x1024.jpg\" alt=\"\" class=\"wp-image-443\" srcset=\"https:\/\/limebaymedia.fi\/wp-content\/uploads\/2025\/04\/FelixLindvik_Websize-ClaraKonfirmation_20230617_10-682x1024.jpg 682w, https:\/\/limebaymedia.fi\/wp-content\/uploads\/2025\/04\/FelixLindvik_Websize-ClaraKonfirmation_20230617_10-200x300.jpg 200w, https:\/\/limebaymedia.fi\/wp-content\/uploads\/2025\/04\/FelixLindvik_Websize-ClaraKonfirmation_20230617_10-768x1152.jpg 768w, https:\/\/limebaymedia.fi\/wp-content\/uploads\/2025\/04\/FelixLindvik_Websize-ClaraKonfirmation_20230617_10-1024x1536.jpg 1024w, https:\/\/limebaymedia.fi\/wp-content\/uploads\/2025\/04\/FelixLindvik_Websize-ClaraKonfirmation_20230617_10-8x12.jpg 8w, https:\/\/limebaymedia.fi\/wp-content\/uploads\/2025\/04\/FelixLindvik_Websize-ClaraKonfirmation_20230617_10.jpg 1333w\" sizes=\"auto, (max-width: 682px) 100vw, 682px\" \/><\/figure>\n\n\n\n<figure class=\"wp-block-image size-large\"><img loading=\"lazy\" decoding=\"async\" width=\"682\" height=\"1024\" data-id=\"330\" src=\"https:\/\/limebaymedia.fi\/wp-content\/uploads\/2024\/12\/FelixLindvik_SamuelStudent_20230603_3-682x1024.jpg\" alt=\"\" class=\"wp-image-330\" srcset=\"https:\/\/limebaymedia.fi\/wp-content\/uploads\/2024\/12\/FelixLindvik_SamuelStudent_20230603_3-682x1024.jpg 682w, https:\/\/limebaymedia.fi\/wp-content\/uploads\/2024\/12\/FelixLindvik_SamuelStudent_20230603_3-200x300.jpg 200w, https:\/\/limebaymedia.fi\/wp-content\/uploads\/2024\/12\/FelixLindvik_SamuelStudent_20230603_3-768x1152.jpg 768w, https:\/\/limebaymedia.fi\/wp-content\/uploads\/2024\/12\/FelixLindvik_SamuelStudent_20230603_3-1024x1536.jpg 1024w, https:\/\/limebaymedia.fi\/wp-content\/uploads\/2024\/12\/FelixLindvik_SamuelStudent_20230603_3.jpg 1333w\" sizes=\"auto, (max-width: 682px) 100vw, 682px\" \/><\/figure>\n\n\n\n<figure class=\"wp-block-image size-large\"><img loading=\"lazy\" decoding=\"async\" width=\"683\" height=\"1024\" data-id=\"442\" src=\"https:\/\/limebaymedia.fi\/wp-content\/uploads\/2025\/04\/FelixLindvik_1_20220620_0477-683x1024.jpeg\" alt=\"\" class=\"wp-image-442\" srcset=\"https:\/\/limebaymedia.fi\/wp-content\/uploads\/2025\/04\/FelixLindvik_1_20220620_0477-683x1024.jpeg 683w, https:\/\/limebaymedia.fi\/wp-content\/uploads\/2025\/04\/FelixLindvik_1_20220620_0477-200x300.jpeg 200w, https:\/\/limebaymedia.fi\/wp-content\/uploads\/2025\/04\/FelixLindvik_1_20220620_0477-768x1152.jpeg 768w, https:\/\/limebaymedia.fi\/wp-content\/uploads\/2025\/04\/FelixLindvik_1_20220620_0477-1024x1536.jpeg 1024w, https:\/\/limebaymedia.fi\/wp-content\/uploads\/2025\/04\/FelixLindvik_1_20220620_0477-1365x2048.jpeg 1365w, https:\/\/limebaymedia.fi\/wp-content\/uploads\/2025\/04\/FelixLindvik_1_20220620_0477-8x12.jpeg 8w, https:\/\/limebaymedia.fi\/wp-content\/uploads\/2025\/04\/FelixLindvik_1_20220620_0477-scaled.jpeg 1706w\" sizes=\"auto, (max-width: 683px) 100vw, 683px\" \/><\/figure>\n\n\n\n<figure class=\"wp-block-image size-large\"><img loading=\"lazy\" decoding=\"async\" width=\"682\" height=\"1024\" data-id=\"329\" src=\"https:\/\/limebaymedia.fi\/wp-content\/uploads\/2024\/12\/FelixLindvik_Websize-ClaraKonfirmation_20230617_3-682x1024.jpg\" alt=\"\" class=\"wp-image-329\" srcset=\"https:\/\/limebaymedia.fi\/wp-content\/uploads\/2024\/12\/FelixLindvik_Websize-ClaraKonfirmation_20230617_3-682x1024.jpg 682w, https:\/\/limebaymedia.fi\/wp-content\/uploads\/2024\/12\/FelixLindvik_Websize-ClaraKonfirmation_20230617_3-200x300.jpg 200w, https:\/\/limebaymedia.fi\/wp-content\/uploads\/2024\/12\/FelixLindvik_Websize-ClaraKonfirmation_20230617_3-768x1152.jpg 768w, https:\/\/limebaymedia.fi\/wp-content\/uploads\/2024\/12\/FelixLindvik_Websize-ClaraKonfirmation_20230617_3-1024x1536.jpg 1024w, https:\/\/limebaymedia.fi\/wp-content\/uploads\/2024\/12\/FelixLindvik_Websize-ClaraKonfirmation_20230617_3.jpg 1333w\" sizes=\"auto, (max-width: 682px) 100vw, 682px\" \/><\/figure>\n<\/figure>\n<\/div>\n\n\n\n<div class=\"wp-block-group has-global-padding is-layout-constrained wp-block-group-is-layout-constrained\">\n<h1 class=\"wp-block-heading has-text-align-center\">Nu \u00e4r det dags att fira!<\/h1>\n\n\n\n<div class=\"wp-block-buttons is-content-justification-center is-layout-flex wp-container-core-buttons-is-layout-a89b3969 wp-block-buttons-is-layout-flex\">\n<div class=\"wp-block-button has-custom-font-size has-small-font-size\"><a class=\"wp-block-button__link has-vivid-red-background-color has-background wp-element-button\" href=\"#booknow\">Boka nu!<\/a><\/div>\n<\/div>\n<\/div>\n\n\n\n<div class=\"wp-block-group has-global-padding is-layout-constrained wp-block-group-is-layout-constrained\">\n<p><strong>V\u00e5ren och f\u00f6rsommaren betyder f\u00f6r m\u00e5nga en tid av fest och firande i olika former. Ofta \u00e4r det stora milstolpar i livet som verkligen \u00e4r v\u00e4rda att fira och minnas \u2013 vi hj\u00e4lper dig med det sistn\u00e4mnda!<\/strong><\/p>\n\n\n\n<p>Nu \u00e4r det tid att boka fotosessioner f\u00f6r v\u00e5ren och sommaren 2025, f\u00f6r att f\u00f6rs\u00e4kra dig om att du har dina foton i handen d\u00e5 g\u00e4sterna anl\u00e4nder, eller klara att skicka iv\u00e4g direkt g\u00e4sterna g\u00e5tt hem.<\/p>\n\n\n\n<p><\/p>\n\n\n\n<h3 class=\"wp-block-heading\">Var?<\/h3>\n\n\n\n<p>Vi erbjuder personliga portr\u00e4ttfotosessioner i din egen milj\u00f6, f\u00f6r att f\u00f6rs\u00e4kra att portr\u00e4tten \u00e5terspeglar dig och din personlighet och blir unikt f\u00f6r just DIG!<\/p>\n\n\n\n<p>Fotosessioner inom Vasa-Korsholm erbjuds utan extra kostnad. F\u00f6rst\u00e5s \u00e4r var som helst m\u00f6jligt, men resetill\u00e4gg l\u00e4ggs p\u00e5 fakturan beroende p\u00e5 avst\u00e5ndet fr\u00e5n Vasa.<\/p>\n\n\n\n<p>Vi kan ocks\u00e5 ordna studio-sessioner i Vasa*.<\/p>\n\n\n\n<p><\/p>\n\n\n\n<h3 class=\"wp-block-heading\">N\u00e4r och hur?<\/h3>\n\n\n\n<p>F\u00f6r oss \u00e4r n\u00e5got av det viktigaste att du k\u00e4nner dig bekv\u00e4m, och d\u00e4rf\u00f6r \u00e4r b\u00e5de tid, plats och praktiska arrangemang flexibla! Tillsammans planerar vi varje session separat med kunden f\u00f6r att f\u00f6rs\u00e4kra oss om att du \u00e4r n\u00f6jd med b\u00e5de processen och resultatet!<\/p>\n\n\n\n<p><\/p>\n\n\n\n<h3 class=\"wp-block-heading\">Vad h\u00e4nder sen?<\/h3>\n\n\n\n<p>Efter att fotografierna \u00e4r tagna och efterbehandlade skickas bilderna till kunden f\u00f6r granskning. Kunden v\u00e4ljer ut valfritt antal foton som f\u00e4rdigst\u00e4lls. Om du \u00f6nskar kan vi hj\u00e4lpa till att designa tack-kort. Vi kan ocks\u00e5 sk\u00f6ta tryckningen och leverera f\u00e4rdiga tryckta foton till din postl\u00e5da.<\/p>\n\n\n\n<p>Sj\u00e4lvklart f\u00e5r du ocks\u00e5 digitala kopior av dina f\u00e4rdiga foton!<\/p>\n\n\n\n<p><\/p>\n\n\n\n<p class=\"has-small-font-size\">* Studiosessioner ordnas om antalet bokningar \u00e4r tillr\u00e4ckligt m\u00e5nga och tidsalternativ kan vara begr\u00e4nsade.<\/p>\n\n\n\n<hr class=\"wp-block-separator has-alpha-channel-opacity\"\/>\n<\/div>\n\n\n\n<div class=\"wp-block-group has-global-padding is-layout-constrained wp-block-group-is-layout-constrained\">\n<div class=\"wp-block-group has-background has-global-padding is-layout-constrained wp-block-group-is-layout-constrained\" style=\"background-color:#d9d9d930;margin-top:var(--wp--preset--spacing--70);margin-bottom:var(--wp--preset--spacing--70)\">\n<h2 class=\"wp-block-heading has-text-align-center\" id=\"booknow\">Boka nu!<\/h2>\n\n\n\n<div class=\"wp-block-group has-global-padding is-layout-constrained wp-container-core-group-is-layout-52009084 wp-block-group-is-layout-constrained\" style=\"padding-top:var(--wp--preset--spacing--40);padding-right:var(--wp--preset--spacing--40);padding-bottom:var(--wp--preset--spacing--40);padding-left:var(--wp--preset--spacing--40)\">\n<div class=\"wpcf7 no-js\" id=\"wpcf7-f432-o1\" lang=\"sv-SE\" dir=\"ltr\" data-wpcf7-id=\"432\">\n<div class=\"screen-reader-response\"><p role=\"status\" aria-live=\"polite\" aria-atomic=\"true\"><\/p> <ul><\/ul><\/div>\n<form action=\"\/sv\/wp-json\/wp\/v2\/pages\/411#wpcf7-f432-o1\" method=\"post\" class=\"wpcf7-form init\" aria-label=\"Kontaktformul\u00e4r\" novalidate=\"novalidate\" data-status=\"init\" data-trp-original-action=\"\/sv\/wp-json\/wp\/v2\/pages\/411#wpcf7-f432-o1\">\n<fieldset class=\"hidden-fields-container\"><input type=\"hidden\" name=\"_wpcf7\" value=\"432\" \/><input type=\"hidden\" name=\"_wpcf7_version\" value=\"6.1.2\" \/><input type=\"hidden\" name=\"_wpcf7_locale\" value=\"sv_SE\" \/><input type=\"hidden\" name=\"_wpcf7_unit_tag\" value=\"wpcf7-f432-o1\" \/><input type=\"hidden\" name=\"_wpcf7_container_post\" value=\"0\" \/><input type=\"hidden\" name=\"_wpcf7_posted_data_hash\" value=\"\" \/>\n<\/fieldset>\n<style>\n.wpcf7-form {text-align: center;}\n\ninput, textarea {\nfont-family: var(--wp--preset--font-family--figtree);\nfont-size: var(--wp--preset--font-size--small);\nfont-weight: 500;\npadding: 1% 2%;\nbackground-color: var(--wp--preset--color--black);\ncolor: var(--wp--preset--color--white);\nborder: none;\nborder-radius: 20px;\n}\n\n#submitbutton p, .custom-display-column > p > span > span {display: flex; flex-direction: column;}\n\np > label:first-child {font-weight: 800;}\n\n.wpcf7-submit {\nborder: 2px solid var(--wp--preset--color--black);\nbackground-color:transparent;\ncolor: var(--wp--preset--color--black);\nfont-family: inherit;\nfont-size:var(--wp--preset--font-size--small);\nborder-radius: 40px;\npadding: 1.5% 4%;\n}\n\n.wpcf7-submit:hover {\ncolor: #999;\nborder:2px solid #999;}\n\n#submitbutton > p {align-items: center;}\n\n#submitbutton > p > input {width: 200px;\n}\n<\/style>\n<p><label> Namn (F\u00f6r- och efternamn)<br \/>\n<span class=\"wpcf7-form-control-wrap\" data-name=\"your-name\"><input size=\"40\" maxlength=\"400\" class=\"wpcf7-form-control wpcf7-text wpcf7-validates-as-required\" autocomplete=\"name\" aria-required=\"true\" aria-invalid=\"false\" value=\"\" type=\"text\" name=\"your-name\" \/><\/span> <\/label>\n<\/p>\n<p><label> E-postadress<br \/>\n<span class=\"wpcf7-form-control-wrap\" data-name=\"your-email\"><input size=\"40\" maxlength=\"400\" class=\"wpcf7-form-control wpcf7-email wpcf7-validates-as-required wpcf7-text wpcf7-validates-as-email\" autocomplete=\"email\" aria-required=\"true\" aria-invalid=\"false\" value=\"\" type=\"email\" name=\"your-email\" \/><\/span> <\/label>\n<\/p>\n<p><label> Telefonnummer<br \/>\n<span class=\"wpcf7-form-control-wrap\" data-name=\"tel-340\"><input size=\"40\" maxlength=\"400\" class=\"wpcf7-form-control wpcf7-tel wpcf7-validates-as-required wpcf7-text wpcf7-validates-as-tel\" autocomplete=\"tel\" aria-required=\"true\" aria-invalid=\"false\" value=\"\" type=\"tel\" name=\"tel-340\" \/><\/span><\/label>\n<\/p>\n<p><label> Jag vill bli kontaktad via<\/label><br \/>\n<span class=\"wpcf7-form-control-wrap\" data-name=\"contact-method\"><span class=\"wpcf7-form-control wpcf7-checkbox\"><span class=\"wpcf7-list-item first\"><label><input type=\"checkbox\" name=\"contact-method[]\" value=\"Email\" \/><span class=\"wpcf7-list-item-label\">E-post<\/span><\/label><\/span><span class=\"wpcf7-list-item last\"><label><input type=\"checkbox\" name=\"contact-method[]\" value=\"Phone\" \/><span class=\"wpcf7-list-item-label\">Telefon<\/span><\/label><\/span><\/span><\/span>\n<\/p>\n<p><label> Var finns du?<br \/>\n<span class=\"wpcf7-form-control-wrap\" data-name=\"location\"><input size=\"40\" maxlength=\"400\" class=\"wpcf7-form-control wpcf7-text wpcf7-validates-as-required\" aria-required=\"true\" aria-invalid=\"false\" value=\"\" type=\"text\" name=\"location\" \/><\/span><\/label>\n<\/p>\n<p><label> Vad firar du?<\/label>\n<\/p>\n<div class=\"custom-display-column\">\n\t<p><span class=\"wpcf7-form-control-wrap\" data-name=\"celebration-type\"><span class=\"wpcf7-form-control wpcf7-radio\"><span class=\"wpcf7-list-item first\"><label><input type=\"radio\" name=\"celebration-type\" value=\"Student exam\" \/><span class=\"wpcf7-list-item-label\">Studentexamen<\/span><\/label><\/span><span class=\"wpcf7-list-item\"><label><input type=\"radio\" name=\"celebration-type\" value=\"Graduation\" \/><span class=\"wpcf7-list-item-label\">Examen<\/span><\/label><\/span><span class=\"wpcf7-list-item\"><label><input type=\"radio\" name=\"celebration-type\" value=\"Confirmation\" \/><span class=\"wpcf7-list-item-label\">Konfirmation<\/span><\/label><\/span><span class=\"wpcf7-list-item last\"><label><input type=\"radio\" name=\"celebration-type\" value=\"Other\" \/><span class=\"wpcf7-list-item-label\">Annat<\/span><\/label><\/span><\/span><\/span>\n\t<\/p>\n<\/div>\n<p><label>Annat:<br \/>\n<span class=\"wpcf7-form-control-wrap\" data-name=\"text-521\"><input size=\"40\" maxlength=\"400\" class=\"wpcf7-form-control wpcf7-text\" aria-invalid=\"false\" value=\"\" type=\"text\" name=\"text-521\" \/><\/span><\/label>\n<\/p>\n<p><label>Typ av fotosession<\/label><br \/>\n<span class=\"wpcf7-form-control-wrap\" data-name=\"session-type\"><span class=\"wpcf7-form-control wpcf7-radio\"><span class=\"wpcf7-list-item first\"><label><input type=\"radio\" name=\"session-type\" value=\"In your own environment\" \/><span class=\"wpcf7-list-item-label\">I din egen milj\u00f6<\/span><\/label><\/span><span class=\"wpcf7-list-item last\"><label><input type=\"radio\" name=\"session-type\" value=\"Studio\" \/><span class=\"wpcf7-list-item-label\">Studio<\/span><\/label><\/span><\/span><\/span>\n<\/p>\n<p><label>Meddelande<br \/>\n<span class=\"wpcf7-form-control-wrap\" data-name=\"message\"><textarea cols=\"40\" rows=\"10\" maxlength=\"2000\" class=\"wpcf7-form-control wpcf7-textarea\" aria-invalid=\"false\" name=\"message\"><\/textarea><\/span><\/label>\n<\/p>\n<p><label><span class=\"wpcf7-form-control-wrap\" data-name=\"acceptance-657\"><span class=\"wpcf7-form-control wpcf7-acceptance optional\"><span class=\"wpcf7-list-item\"><label><input type=\"checkbox\" name=\"acceptance-657\" value=\"1\" aria-invalid=\"false\" \/><span class=\"wpcf7-list-item-label\">I allow LimeBay Media to send me emails regarding the company's services and current promotions.<\/span><\/label><\/span><\/span><\/span><br \/>\n<\/label><br \/>\n<div class=\"main-cf7-captcha\"><span class=\"wpcf7-form-control-wrap input-captcha-cf7\"><input size=\"40\" class=\"wpcf7-form-control wpcf7-captchacf7 wpcf7-validates-as-required cf7_text_captcha\" id=\"input-captcha-cf7\" aria-required=\"true\" aria-invalid=\"false\" value=\"\" type=\"text\" name=\"input-captcha-cf7\" \/><\/span><\/div><img decoding=\"async\" src=\"https:\/\/limebaymedia.fi\/wp-content\/plugins\/text-captcha-contact-form-7\/include\/image.php\" alt=\"cf7captcha\" id=\"image-captcha-cf7\"><a href=\"javascript:void(0);\" id=\"reload_captcha\"><img decoding=\"async\" src=\"https:\/\/limebaymedia.fi\/wp-content\/plugins\/text-captcha-contact-form-7\/assets\/images\/refresh.png\" alt=\"Regenerate Captcha\"><\/a>\n<\/p>\n<div id=\"submitbutton\">\n\t<p><input class=\"wpcf7-form-control wpcf7-submit has-spinner\" type=\"submit\" value=\"Skicka!\" \/>\n\t<\/p>\n<\/div><div class=\"wpcf7-response-output\" aria-hidden=\"true\"><\/div>\n<input type=\"hidden\" name=\"trp-form-language\" value=\"sv\"\/><\/form>\n<\/div>\n\n<\/div>\n<\/div>\n<\/div>","protected":false},"excerpt":{"rendered":"<p>Now is the time to celebrate! Spring-time means celebrations for a lot of people! A big milestone is something to celebrate and remember \u2013 let us help you with that! Now is the time to book photography sessions for the spring and summer season 2025, to make sure you have your photos in hand when [&hellip;]<\/p>","protected":false},"author":1,"featured_media":0,"parent":0,"menu_order":0,"comment_status":"closed","ping_status":"closed","template":"wp-custom-template-sida-utan-header","meta":{"_eb_attr":"","footnotes":""},"class_list":["post-411","page","type-page","status-publish","hentry"],"yoast_head":"<!-- This site is optimized with the Yoast SEO plugin v27.3 - https:\/\/yoast.com\/product\/yoast-seo-wordpress\/ -->\n<title>Portrait Campaign \u2013 Spring 2025 - LimeBay Media<\/title>\n<meta name=\"robots\" content=\"index, follow, max-snippet:-1, max-image-preview:large, max-video-preview:-1\" \/>\n<link rel=\"canonical\" href=\"https:\/\/limebaymedia.fi\/sv\/portrait-campaign-spring-2025\/\" \/>\n<meta property=\"og:locale\" content=\"sv_SE\" \/>\n<meta property=\"og:type\" content=\"article\" \/>\n<meta property=\"og:title\" content=\"Portrait Campaign \u2013 Spring 2025 - LimeBay Media\" \/>\n<meta property=\"og:description\" content=\"Now is the time to celebrate! Spring-time means celebrations for a lot of people! A big milestone is something to celebrate and remember \u2013 let us help you with that! Now is the time to book photography sessions for the spring and summer season 2025, to make sure you have your photos in hand when [&hellip;]\" \/>\n<meta property=\"og:url\" content=\"https:\/\/limebaymedia.fi\/sv\/portrait-campaign-spring-2025\/\" \/>\n<meta property=\"og:site_name\" content=\"LimeBay Media\" \/>\n<meta property=\"article:publisher\" content=\"https:\/\/www.facebook.com\/profile.php?id=61550933517943\" \/>\n<meta property=\"article:modified_time\" content=\"2025-04-10T20:35:20+00:00\" \/>\n<meta property=\"og:image\" content=\"https:\/\/limebaymedia.fi\/wp-content\/uploads\/2024\/12\/FelixLindvik_AdaStudent_20230508_3.jpg\" \/>\n\t<meta property=\"og:image:width\" content=\"1333\" \/>\n\t<meta property=\"og:image:height\" content=\"2000\" \/>\n\t<meta property=\"og:image:type\" content=\"image\/jpeg\" \/>\n<meta name=\"twitter:card\" content=\"summary_large_image\" \/>\n<meta name=\"twitter:label1\" content=\"Ber\u00e4knad l\u00e4stid\" \/>\n\t<meta name=\"twitter:data1\" content=\"1 minut\" \/>\n<script type=\"application\/ld+json\" class=\"yoast-schema-graph\">{\"@context\":\"https:\\\/\\\/schema.org\",\"@graph\":[{\"@type\":\"WebPage\",\"@id\":\"https:\\\/\\\/limebaymedia.fi\\\/portrait-campaign-spring-2025\\\/\",\"url\":\"https:\\\/\\\/limebaymedia.fi\\\/portrait-campaign-spring-2025\\\/\",\"name\":\"Portrait Campaign \u2013 Spring 2025 - LimeBay Media\",\"isPartOf\":{\"@id\":\"https:\\\/\\\/limebaymedia.fi\\\/#website\"},\"primaryImageOfPage\":{\"@id\":\"https:\\\/\\\/limebaymedia.fi\\\/portrait-campaign-spring-2025\\\/#primaryimage\"},\"image\":{\"@id\":\"https:\\\/\\\/limebaymedia.fi\\\/portrait-campaign-spring-2025\\\/#primaryimage\"},\"thumbnailUrl\":\"https:\\\/\\\/limebaymedia.fi\\\/wp-content\\\/uploads\\\/2024\\\/12\\\/FelixLindvik_AdaStudent_20230508_3-682x1024.jpg\",\"datePublished\":\"2025-04-10T18:41:05+00:00\",\"dateModified\":\"2025-04-10T20:35:20+00:00\",\"breadcrumb\":{\"@id\":\"https:\\\/\\\/limebaymedia.fi\\\/portrait-campaign-spring-2025\\\/#breadcrumb\"},\"inLanguage\":\"sv-SE\",\"potentialAction\":[{\"@type\":\"ReadAction\",\"target\":[\"https:\\\/\\\/limebaymedia.fi\\\/portrait-campaign-spring-2025\\\/\"]}]},{\"@type\":\"ImageObject\",\"inLanguage\":\"sv-SE\",\"@id\":\"https:\\\/\\\/limebaymedia.fi\\\/portrait-campaign-spring-2025\\\/#primaryimage\",\"url\":\"https:\\\/\\\/limebaymedia.fi\\\/wp-content\\\/uploads\\\/2024\\\/12\\\/FelixLindvik_AdaStudent_20230508_3-682x1024.jpg\",\"contentUrl\":\"https:\\\/\\\/limebaymedia.fi\\\/wp-content\\\/uploads\\\/2024\\\/12\\\/FelixLindvik_AdaStudent_20230508_3-682x1024.jpg\"},{\"@type\":\"BreadcrumbList\",\"@id\":\"https:\\\/\\\/limebaymedia.fi\\\/portrait-campaign-spring-2025\\\/#breadcrumb\",\"itemListElement\":[{\"@type\":\"ListItem\",\"position\":1,\"name\":\"Hem\",\"item\":\"https:\\\/\\\/limebaymedia.fi\\\/\"},{\"@type\":\"ListItem\",\"position\":2,\"name\":\"Portrait Campaign \u2013 Spring 2025\"}]},{\"@type\":\"WebSite\",\"@id\":\"https:\\\/\\\/limebaymedia.fi\\\/#website\",\"url\":\"https:\\\/\\\/limebaymedia.fi\\\/\",\"name\":\"LimeBay Media\",\"description\":\"\",\"publisher\":{\"@id\":\"https:\\\/\\\/limebaymedia.fi\\\/#organization\"},\"alternateName\":\"LBM\",\"potentialAction\":[{\"@type\":\"SearchAction\",\"target\":{\"@type\":\"EntryPoint\",\"urlTemplate\":\"https:\\\/\\\/limebaymedia.fi\\\/?s={search_term_string}\"},\"query-input\":{\"@type\":\"PropertyValueSpecification\",\"valueRequired\":true,\"valueName\":\"search_term_string\"}}],\"inLanguage\":\"sv-SE\"},{\"@type\":\"Organization\",\"@id\":\"https:\\\/\\\/limebaymedia.fi\\\/#organization\",\"name\":\"LimeBay Media\",\"url\":\"https:\\\/\\\/limebaymedia.fi\\\/\",\"logo\":{\"@type\":\"ImageObject\",\"inLanguage\":\"sv-SE\",\"@id\":\"https:\\\/\\\/limebaymedia.fi\\\/#\\\/schema\\\/logo\\\/image\\\/\",\"url\":\"https:\\\/\\\/limebaymedia.fi\\\/wp-content\\\/uploads\\\/2024\\\/12\\\/LBM-logo-Green.png\",\"contentUrl\":\"https:\\\/\\\/limebaymedia.fi\\\/wp-content\\\/uploads\\\/2024\\\/12\\\/LBM-logo-Green.png\",\"width\":265,\"height\":265,\"caption\":\"LimeBay Media\"},\"image\":{\"@id\":\"https:\\\/\\\/limebaymedia.fi\\\/#\\\/schema\\\/logo\\\/image\\\/\"},\"sameAs\":[\"https:\\\/\\\/www.facebook.com\\\/profile.php?id=61550933517943\",\"https:\\\/\\\/www.instagram.com\\\/felixcreativeworks\\\/\"]}]}<\/script>\n<!-- \/ Yoast SEO plugin. -->","yoast_head_json":{"title":"Portrait Campaign \u2013 Spring 2025 - LimeBay Media","robots":{"index":"index","follow":"follow","max-snippet":"max-snippet:-1","max-image-preview":"max-image-preview:large","max-video-preview":"max-video-preview:-1"},"canonical":"https:\/\/limebaymedia.fi\/sv\/portrait-campaign-spring-2025\/","og_locale":"sv_SE","og_type":"article","og_title":"Portrait Campaign \u2013 Spring 2025 - LimeBay Media","og_description":"Now is the time to celebrate! Spring-time means celebrations for a lot of people! A big milestone is something to celebrate and remember \u2013 let us help you with that! Now is the time to book photography sessions for the spring and summer season 2025, to make sure you have your photos in hand when [&hellip;]","og_url":"https:\/\/limebaymedia.fi\/sv\/portrait-campaign-spring-2025\/","og_site_name":"LimeBay Media","article_publisher":"https:\/\/www.facebook.com\/profile.php?id=61550933517943","article_modified_time":"2025-04-10T20:35:20+00:00","og_image":[{"width":1333,"height":2000,"url":"https:\/\/limebaymedia.fi\/wp-content\/uploads\/2024\/12\/FelixLindvik_AdaStudent_20230508_3.jpg","type":"image\/jpeg"}],"twitter_card":"summary_large_image","twitter_misc":{"Ber\u00e4knad l\u00e4stid":"1 minut"},"schema":{"@context":"https:\/\/schema.org","@graph":[{"@type":"WebPage","@id":"https:\/\/limebaymedia.fi\/portrait-campaign-spring-2025\/","url":"https:\/\/limebaymedia.fi\/portrait-campaign-spring-2025\/","name":"Portrait Campaign \u2013 Spring 2025 - LimeBay Media","isPartOf":{"@id":"https:\/\/limebaymedia.fi\/#website"},"primaryImageOfPage":{"@id":"https:\/\/limebaymedia.fi\/portrait-campaign-spring-2025\/#primaryimage"},"image":{"@id":"https:\/\/limebaymedia.fi\/portrait-campaign-spring-2025\/#primaryimage"},"thumbnailUrl":"https:\/\/limebaymedia.fi\/wp-content\/uploads\/2024\/12\/FelixLindvik_AdaStudent_20230508_3-682x1024.jpg","datePublished":"2025-04-10T18:41:05+00:00","dateModified":"2025-04-10T20:35:20+00:00","breadcrumb":{"@id":"https:\/\/limebaymedia.fi\/portrait-campaign-spring-2025\/#breadcrumb"},"inLanguage":"sv-SE","potentialAction":[{"@type":"ReadAction","target":["https:\/\/limebaymedia.fi\/portrait-campaign-spring-2025\/"]}]},{"@type":"ImageObject","inLanguage":"sv-SE","@id":"https:\/\/limebaymedia.fi\/portrait-campaign-spring-2025\/#primaryimage","url":"https:\/\/limebaymedia.fi\/wp-content\/uploads\/2024\/12\/FelixLindvik_AdaStudent_20230508_3-682x1024.jpg","contentUrl":"https:\/\/limebaymedia.fi\/wp-content\/uploads\/2024\/12\/FelixLindvik_AdaStudent_20230508_3-682x1024.jpg"},{"@type":"BreadcrumbList","@id":"https:\/\/limebaymedia.fi\/portrait-campaign-spring-2025\/#breadcrumb","itemListElement":[{"@type":"ListItem","position":1,"name":"Hem","item":"https:\/\/limebaymedia.fi\/"},{"@type":"ListItem","position":2,"name":"Portrait Campaign \u2013 Spring 2025"}]},{"@type":"WebSite","@id":"https:\/\/limebaymedia.fi\/#website","url":"https:\/\/limebaymedia.fi\/","name":"LimeBay Media","description":"","publisher":{"@id":"https:\/\/limebaymedia.fi\/#organization"},"alternateName":"LBM","potentialAction":[{"@type":"SearchAction","target":{"@type":"EntryPoint","urlTemplate":"https:\/\/limebaymedia.fi\/?s={search_term_string}"},"query-input":{"@type":"PropertyValueSpecification","valueRequired":true,"valueName":"search_term_string"}}],"inLanguage":"sv-SE"},{"@type":"Organization","@id":"https:\/\/limebaymedia.fi\/#organization","name":"LimeBay Media","url":"https:\/\/limebaymedia.fi\/","logo":{"@type":"ImageObject","inLanguage":"sv-SE","@id":"https:\/\/limebaymedia.fi\/#\/schema\/logo\/image\/","url":"https:\/\/limebaymedia.fi\/wp-content\/uploads\/2024\/12\/LBM-logo-Green.png","contentUrl":"https:\/\/limebaymedia.fi\/wp-content\/uploads\/2024\/12\/LBM-logo-Green.png","width":265,"height":265,"caption":"LimeBay Media"},"image":{"@id":"https:\/\/limebaymedia.fi\/#\/schema\/logo\/image\/"},"sameAs":["https:\/\/www.facebook.com\/profile.php?id=61550933517943","https:\/\/www.instagram.com\/felixcreativeworks\/"]}]}},"_links":{"self":[{"href":"https:\/\/limebaymedia.fi\/sv\/wp-json\/wp\/v2\/pages\/411","targetHints":{"allow":["GET"]}}],"collection":[{"href":"https:\/\/limebaymedia.fi\/sv\/wp-json\/wp\/v2\/pages"}],"about":[{"href":"https:\/\/limebaymedia.fi\/sv\/wp-json\/wp\/v2\/types\/page"}],"author":[{"embeddable":true,"href":"https:\/\/limebaymedia.fi\/sv\/wp-json\/wp\/v2\/users\/1"}],"replies":[{"embeddable":true,"href":"https:\/\/limebaymedia.fi\/sv\/wp-json\/wp\/v2\/comments?post=411"}],"version-history":[{"count":24,"href":"https:\/\/limebaymedia.fi\/sv\/wp-json\/wp\/v2\/pages\/411\/revisions"}],"predecessor-version":[{"id":454,"href":"https:\/\/limebaymedia.fi\/sv\/wp-json\/wp\/v2\/pages\/411\/revisions\/454"}],"wp:attachment":[{"href":"https:\/\/limebaymedia.fi\/sv\/wp-json\/wp\/v2\/media?parent=411"}],"curies":[{"name":"wp","href":"https:\/\/api.w.org\/{rel}","templated":true}]}}