{"id":268,"date":"2024-12-06T15:26:22","date_gmt":"2024-12-06T15:26:22","guid":{"rendered":"https:\/\/limebaymedia.fi\/?page_id=268"},"modified":"2025-10-21T21:15:17","modified_gmt":"2025-10-21T19:15:17","slug":"photography","status":"publish","type":"page","link":"https:\/\/limebaymedia.fi\/sv\/photography\/","title":{"rendered":"Fotografering"},"content":{"rendered":"<div class=\"wp-block-group has-global-padding is-layout-constrained wp-block-group-is-layout-constrained\" style=\"padding-top:var(--wp--preset--spacing--80);padding-bottom:var(--wp--preset--spacing--50)\">\n<h2 class=\"wp-block-heading\">En personlig stil f\u00f6r ditt varum\u00e4rke<\/h2>\n\n\n\n<p>Vi erbjuder flexibla fotograferingstj\u00e4nster f\u00f6r bland portr\u00e4tt, evenemang och konserter. Vi str\u00e4var alltid efter att leverera foton med en personlig och unik k\u00e4nsla som f\u00e5r dig att st\u00e5 ut ur havet av fotografier.<\/p>\n<\/div>\n\n\n\n<div class=\"wp-block-group has-global-padding is-layout-constrained wp-block-group-is-layout-constrained\" style=\"padding-top:var(--wp--preset--spacing--50);padding-bottom:var(--wp--preset--spacing--50)\">\n<h3 class=\"wp-block-heading\">Evenemang och konserter<\/h3>\n\n\n\n<p>Det r\u00e4cker inte med att bara ordna ett evenemang! Skapa best\u00e5ende minnen och intryck med hj\u00e4lp av fotografier. L\u00e5t oss f\u00e5nga din konserts eller evenemangs magi med en professionell fotograf.<\/p>\n\n\n\n<p>Vi ser till att varje k\u00e4nsla, varje viktigt \u00f6gonblick blir dokumenterat p\u00e5 ett vackert och unikt s\u00e4tt. H\u00f6gkvalitativa foton f\u00f6rvaltar inte bara minnen utan st\u00e4rker \u00e4ven ditt varum\u00e4rke, och g\u00f6r ditt evenemang of\u00f6rgl\u00f6mligt!<\/p>\n<\/div>\n\n\n\n<div class=\"wp-block-cover has-parallax\"><span aria-hidden=\"true\" class=\"wp-block-cover__background has-background-dim\" style=\"background-color:#7f7f7e\"><\/span><div class=\"wp-block-cover__image-background wp-image-327 has-parallax\" style=\"background-position:50% 50%;background-image:url(https:\/\/limebaymedia.fi\/wp-content\/uploads\/2024\/12\/FelixLindvik_ABGN23_275W.jpg)\"><\/div><div class=\"wp-block-cover__inner-container is-layout-flow wp-block-cover-is-layout-flow\">\n<div class=\"wp-block-group has-global-padding is-layout-constrained wp-block-group-is-layout-constrained\"><\/div>\n<\/div><\/div>\n\n\n\n<div class=\"wp-block-group has-global-padding is-layout-constrained wp-block-group-is-layout-constrained\" style=\"padding-top:var(--wp--preset--spacing--50);padding-bottom:var(--wp--preset--spacing--50)\">\n<h3 class=\"wp-block-heading\">Portr\u00e4tt<\/h3>\n\n\n\n<p>Piffa upp ditt personliga brand eller f\u00f6retag med professionella portr\u00e4tt. Professionellt och smakfullt hantverkare bilder f\u00e5ngar din personlighet eller f\u00f6retagsidentitet p\u00e5 ett s\u00e4tt som ger ett best\u00e5ende intryck! <\/p>\n\n\n\n<p>H\u00f6gkvalitativa foton \u00e4r A&amp;O i marknadsf\u00f6ring, sociala medier och f\u00f6r det egna minnet. Upph\u00f6j din n\u00e4rvaro med bilder som f\u00e5ngar blickar och ber\u00e4ttar din unika story.<\/p>\n<\/div>\n\n\n\n<figure class=\"wp-block-gallery has-nested-images columns-8 is-cropped wp-block-gallery-1 is-layout-flex wp-block-gallery-is-layout-flex\" style=\"border-style:none;border-width:0px;border-radius:0px;margin-top:0;margin-bottom:-1rem;padding-top:0rem;padding-right:0;padding-bottom:0rem;padding-left:0\">\n<figure class=\"wp-block-image size-large\"><img loading=\"lazy\" decoding=\"async\" width=\"682\" height=\"1024\" data-id=\"332\" src=\"https:\/\/limebaymedia.fi\/wp-content\/uploads\/2024\/12\/FelixLindvik_AdaStudent_20230508_3-682x1024.jpg\" alt=\"\" class=\"wp-image-332\" srcset=\"https:\/\/limebaymedia.fi\/wp-content\/uploads\/2024\/12\/FelixLindvik_AdaStudent_20230508_3-682x1024.jpg 682w, https:\/\/limebaymedia.fi\/wp-content\/uploads\/2024\/12\/FelixLindvik_AdaStudent_20230508_3-200x300.jpg 200w, https:\/\/limebaymedia.fi\/wp-content\/uploads\/2024\/12\/FelixLindvik_AdaStudent_20230508_3-768x1152.jpg 768w, https:\/\/limebaymedia.fi\/wp-content\/uploads\/2024\/12\/FelixLindvik_AdaStudent_20230508_3-1024x1536.jpg 1024w, https:\/\/limebaymedia.fi\/wp-content\/uploads\/2024\/12\/FelixLindvik_AdaStudent_20230508_3.jpg 1333w\" sizes=\"auto, (max-width: 682px) 100vw, 682px\" \/><\/figure>\n\n\n\n<figure class=\"wp-block-image size-large\"><img loading=\"lazy\" decoding=\"async\" width=\"1024\" height=\"682\" data-id=\"587\" src=\"https:\/\/limebaymedia.fi\/wp-content\/uploads\/2025\/10\/FelixLindvik_Belgien_20230705_26-1024x682.jpg\" alt=\"\" class=\"wp-image-587\" srcset=\"https:\/\/limebaymedia.fi\/wp-content\/uploads\/2025\/10\/FelixLindvik_Belgien_20230705_26-1024x682.jpg 1024w, https:\/\/limebaymedia.fi\/wp-content\/uploads\/2025\/10\/FelixLindvik_Belgien_20230705_26-300x200.jpg 300w, https:\/\/limebaymedia.fi\/wp-content\/uploads\/2025\/10\/FelixLindvik_Belgien_20230705_26-768x512.jpg 768w, https:\/\/limebaymedia.fi\/wp-content\/uploads\/2025\/10\/FelixLindvik_Belgien_20230705_26-1536x1024.jpg 1536w, https:\/\/limebaymedia.fi\/wp-content\/uploads\/2025\/10\/FelixLindvik_Belgien_20230705_26-18x12.jpg 18w, https:\/\/limebaymedia.fi\/wp-content\/uploads\/2025\/10\/FelixLindvik_Belgien_20230705_26.jpg 2000w\" sizes=\"auto, (max-width: 1024px) 100vw, 1024px\" \/><\/figure>\n\n\n\n<figure class=\"wp-block-image size-large\"><img loading=\"lazy\" decoding=\"async\" width=\"1024\" height=\"683\" data-id=\"585\" src=\"https:\/\/limebaymedia.fi\/wp-content\/uploads\/2025\/10\/FelixLindvik_20250725_0136-1024x683.jpeg\" alt=\"\" class=\"wp-image-585\" srcset=\"https:\/\/limebaymedia.fi\/wp-content\/uploads\/2025\/10\/FelixLindvik_20250725_0136-1024x683.jpeg 1024w, https:\/\/limebaymedia.fi\/wp-content\/uploads\/2025\/10\/FelixLindvik_20250725_0136-300x200.jpeg 300w, https:\/\/limebaymedia.fi\/wp-content\/uploads\/2025\/10\/FelixLindvik_20250725_0136-768x512.jpeg 768w, https:\/\/limebaymedia.fi\/wp-content\/uploads\/2025\/10\/FelixLindvik_20250725_0136-1536x1024.jpeg 1536w, https:\/\/limebaymedia.fi\/wp-content\/uploads\/2025\/10\/FelixLindvik_20250725_0136-2048x1365.jpeg 2048w, https:\/\/limebaymedia.fi\/wp-content\/uploads\/2025\/10\/FelixLindvik_20250725_0136-18x12.jpeg 18w\" sizes=\"auto, (max-width: 1024px) 100vw, 1024px\" \/><\/figure>\n\n\n\n<figure class=\"wp-block-image size-large\"><img loading=\"lazy\" decoding=\"async\" width=\"1024\" height=\"683\" data-id=\"582\" src=\"https:\/\/limebaymedia.fi\/wp-content\/uploads\/2025\/10\/FelixLindvik_20240919_0101-1024x683.jpeg\" alt=\"\" class=\"wp-image-582\" srcset=\"https:\/\/limebaymedia.fi\/wp-content\/uploads\/2025\/10\/FelixLindvik_20240919_0101-1024x683.jpeg 1024w, https:\/\/limebaymedia.fi\/wp-content\/uploads\/2025\/10\/FelixLindvik_20240919_0101-300x200.jpeg 300w, https:\/\/limebaymedia.fi\/wp-content\/uploads\/2025\/10\/FelixLindvik_20240919_0101-768x512.jpeg 768w, https:\/\/limebaymedia.fi\/wp-content\/uploads\/2025\/10\/FelixLindvik_20240919_0101-1536x1024.jpeg 1536w, https:\/\/limebaymedia.fi\/wp-content\/uploads\/2025\/10\/FelixLindvik_20240919_0101-2048x1365.jpeg 2048w, https:\/\/limebaymedia.fi\/wp-content\/uploads\/2025\/10\/FelixLindvik_20240919_0101-18x12.jpeg 18w\" sizes=\"auto, (max-width: 1024px) 100vw, 1024px\" \/><\/figure>\n\n\n\n<figure class=\"wp-block-image size-large\"><img loading=\"lazy\" decoding=\"async\" width=\"1024\" height=\"609\" data-id=\"589\" src=\"https:\/\/limebaymedia.fi\/wp-content\/uploads\/2025\/10\/FelixLindvik_street_20240325_53-1024x609.jpg\" alt=\"\" class=\"wp-image-589\" srcset=\"https:\/\/limebaymedia.fi\/wp-content\/uploads\/2025\/10\/FelixLindvik_street_20240325_53-1024x609.jpg 1024w, https:\/\/limebaymedia.fi\/wp-content\/uploads\/2025\/10\/FelixLindvik_street_20240325_53-300x178.jpg 300w, https:\/\/limebaymedia.fi\/wp-content\/uploads\/2025\/10\/FelixLindvik_street_20240325_53-768x456.jpg 768w, https:\/\/limebaymedia.fi\/wp-content\/uploads\/2025\/10\/FelixLindvik_street_20240325_53-1536x913.jpg 1536w, https:\/\/limebaymedia.fi\/wp-content\/uploads\/2025\/10\/FelixLindvik_street_20240325_53-2048x1217.jpg 2048w, https:\/\/limebaymedia.fi\/wp-content\/uploads\/2025\/10\/FelixLindvik_street_20240325_53-18x12.jpg 18w\" sizes=\"auto, (max-width: 1024px) 100vw, 1024px\" \/><\/figure>\n\n\n\n<figure class=\"wp-block-image size-large\"><img loading=\"lazy\" decoding=\"async\" width=\"1024\" height=\"741\" data-id=\"581\" src=\"https:\/\/limebaymedia.fi\/wp-content\/uploads\/2025\/10\/FelixLindvik_20240327_15021-1024x741.jpg\" alt=\"\" class=\"wp-image-581\" srcset=\"https:\/\/limebaymedia.fi\/wp-content\/uploads\/2025\/10\/FelixLindvik_20240327_15021-1024x741.jpg 1024w, https:\/\/limebaymedia.fi\/wp-content\/uploads\/2025\/10\/FelixLindvik_20240327_15021-300x217.jpg 300w, https:\/\/limebaymedia.fi\/wp-content\/uploads\/2025\/10\/FelixLindvik_20240327_15021-768x555.jpg 768w, https:\/\/limebaymedia.fi\/wp-content\/uploads\/2025\/10\/FelixLindvik_20240327_15021-1536x1111.jpg 1536w, https:\/\/limebaymedia.fi\/wp-content\/uploads\/2025\/10\/FelixLindvik_20240327_15021-2048x1481.jpg 2048w, https:\/\/limebaymedia.fi\/wp-content\/uploads\/2025\/10\/FelixLindvik_20240327_15021-18x12.jpg 18w\" sizes=\"auto, (max-width: 1024px) 100vw, 1024px\" \/><\/figure>\n\n\n\n<figure class=\"wp-block-image size-large\"><img loading=\"lazy\" decoding=\"async\" width=\"1024\" height=\"683\" data-id=\"583\" src=\"https:\/\/limebaymedia.fi\/wp-content\/uploads\/2025\/10\/FelixLindvik_20250501_0398-1024x683.jpeg\" alt=\"\" class=\"wp-image-583\" srcset=\"https:\/\/limebaymedia.fi\/wp-content\/uploads\/2025\/10\/FelixLindvik_20250501_0398-1024x683.jpeg 1024w, https:\/\/limebaymedia.fi\/wp-content\/uploads\/2025\/10\/FelixLindvik_20250501_0398-300x200.jpeg 300w, https:\/\/limebaymedia.fi\/wp-content\/uploads\/2025\/10\/FelixLindvik_20250501_0398-768x512.jpeg 768w, https:\/\/limebaymedia.fi\/wp-content\/uploads\/2025\/10\/FelixLindvik_20250501_0398-1536x1024.jpeg 1536w, https:\/\/limebaymedia.fi\/wp-content\/uploads\/2025\/10\/FelixLindvik_20250501_0398-18x12.jpeg 18w, https:\/\/limebaymedia.fi\/wp-content\/uploads\/2025\/10\/FelixLindvik_20250501_0398.jpeg 1920w\" sizes=\"auto, (max-width: 1024px) 100vw, 1024px\" \/><\/figure>\n\n\n\n<figure class=\"wp-block-image size-large\"><img loading=\"lazy\" decoding=\"async\" width=\"682\" height=\"1024\" data-id=\"329\" src=\"https:\/\/limebaymedia.fi\/wp-content\/uploads\/2024\/12\/FelixLindvik_Websize-ClaraKonfirmation_20230617_3-682x1024.jpg\" alt=\"\" class=\"wp-image-329\" srcset=\"https:\/\/limebaymedia.fi\/wp-content\/uploads\/2024\/12\/FelixLindvik_Websize-ClaraKonfirmation_20230617_3-682x1024.jpg 682w, https:\/\/limebaymedia.fi\/wp-content\/uploads\/2024\/12\/FelixLindvik_Websize-ClaraKonfirmation_20230617_3-200x300.jpg 200w, https:\/\/limebaymedia.fi\/wp-content\/uploads\/2024\/12\/FelixLindvik_Websize-ClaraKonfirmation_20230617_3-768x1152.jpg 768w, https:\/\/limebaymedia.fi\/wp-content\/uploads\/2024\/12\/FelixLindvik_Websize-ClaraKonfirmation_20230617_3-1024x1536.jpg 1024w, https:\/\/limebaymedia.fi\/wp-content\/uploads\/2024\/12\/FelixLindvik_Websize-ClaraKonfirmation_20230617_3.jpg 1333w\" sizes=\"auto, (max-width: 682px) 100vw, 682px\" \/><\/figure>\n\n\n\n<figure class=\"wp-block-image size-large\"><img loading=\"lazy\" decoding=\"async\" width=\"682\" height=\"1024\" data-id=\"330\" src=\"https:\/\/limebaymedia.fi\/wp-content\/uploads\/2024\/12\/FelixLindvik_SamuelStudent_20230603_3-682x1024.jpg\" alt=\"\" class=\"wp-image-330\" srcset=\"https:\/\/limebaymedia.fi\/wp-content\/uploads\/2024\/12\/FelixLindvik_SamuelStudent_20230603_3-682x1024.jpg 682w, https:\/\/limebaymedia.fi\/wp-content\/uploads\/2024\/12\/FelixLindvik_SamuelStudent_20230603_3-200x300.jpg 200w, https:\/\/limebaymedia.fi\/wp-content\/uploads\/2024\/12\/FelixLindvik_SamuelStudent_20230603_3-768x1152.jpg 768w, https:\/\/limebaymedia.fi\/wp-content\/uploads\/2024\/12\/FelixLindvik_SamuelStudent_20230603_3-1024x1536.jpg 1024w, https:\/\/limebaymedia.fi\/wp-content\/uploads\/2024\/12\/FelixLindvik_SamuelStudent_20230603_3.jpg 1333w\" sizes=\"auto, (max-width: 682px) 100vw, 682px\" \/><\/figure>\n\n\n\n<figure class=\"wp-block-image size-large\"><img loading=\"lazy\" decoding=\"async\" width=\"1024\" height=\"683\" data-id=\"544\" src=\"https:\/\/limebaymedia.fi\/wp-content\/uploads\/2025\/10\/FelixLindvik_NV-Stronger_20250927_0537-1024x683.jpeg\" alt=\"\" class=\"wp-image-544\" srcset=\"https:\/\/limebaymedia.fi\/wp-content\/uploads\/2025\/10\/FelixLindvik_NV-Stronger_20250927_0537-1024x683.jpeg 1024w, https:\/\/limebaymedia.fi\/wp-content\/uploads\/2025\/10\/FelixLindvik_NV-Stronger_20250927_0537-300x200.jpeg 300w, https:\/\/limebaymedia.fi\/wp-content\/uploads\/2025\/10\/FelixLindvik_NV-Stronger_20250927_0537-768x512.jpeg 768w, https:\/\/limebaymedia.fi\/wp-content\/uploads\/2025\/10\/FelixLindvik_NV-Stronger_20250927_0537-1536x1024.jpeg 1536w, https:\/\/limebaymedia.fi\/wp-content\/uploads\/2025\/10\/FelixLindvik_NV-Stronger_20250927_0537-2048x1365.jpeg 2048w, https:\/\/limebaymedia.fi\/wp-content\/uploads\/2025\/10\/FelixLindvik_NV-Stronger_20250927_0537-18x12.jpeg 18w\" sizes=\"auto, (max-width: 1024px) 100vw, 1024px\" \/><\/figure>\n\n\n\n<figure class=\"wp-block-image size-large\" style=\"margin-top:0;margin-bottom:0\"><img loading=\"lazy\" decoding=\"async\" width=\"1024\" height=\"683\" data-id=\"590\" src=\"https:\/\/limebaymedia.fi\/wp-content\/uploads\/2025\/10\/IMG_3674-Enhanced-NR-1024x683.jpg\" alt=\"\" class=\"wp-image-590\" srcset=\"https:\/\/limebaymedia.fi\/wp-content\/uploads\/2025\/10\/IMG_3674-Enhanced-NR-1024x683.jpg 1024w, https:\/\/limebaymedia.fi\/wp-content\/uploads\/2025\/10\/IMG_3674-Enhanced-NR-300x200.jpg 300w, https:\/\/limebaymedia.fi\/wp-content\/uploads\/2025\/10\/IMG_3674-Enhanced-NR-768x512.jpg 768w, https:\/\/limebaymedia.fi\/wp-content\/uploads\/2025\/10\/IMG_3674-Enhanced-NR-1536x1024.jpg 1536w, https:\/\/limebaymedia.fi\/wp-content\/uploads\/2025\/10\/IMG_3674-Enhanced-NR-2048x1365.jpg 2048w, https:\/\/limebaymedia.fi\/wp-content\/uploads\/2025\/10\/IMG_3674-Enhanced-NR-18x12.jpg 18w\" sizes=\"auto, (max-width: 1024px) 100vw, 1024px\" \/><\/figure>\n\n\n\n<figure class=\"wp-block-image size-large\"><img loading=\"lazy\" decoding=\"async\" width=\"768\" height=\"1024\" data-id=\"333\" src=\"https:\/\/limebaymedia.fi\/wp-content\/uploads\/2024\/12\/FelixLindvik_FSSkansli2_20230510_1-768x1024.jpg\" alt=\"\" class=\"wp-image-333\" srcset=\"https:\/\/limebaymedia.fi\/wp-content\/uploads\/2024\/12\/FelixLindvik_FSSkansli2_20230510_1-768x1024.jpg 768w, https:\/\/limebaymedia.fi\/wp-content\/uploads\/2024\/12\/FelixLindvik_FSSkansli2_20230510_1-225x300.jpg 225w, https:\/\/limebaymedia.fi\/wp-content\/uploads\/2024\/12\/FelixLindvik_FSSkansli2_20230510_1-1152x1536.jpg 1152w, https:\/\/limebaymedia.fi\/wp-content\/uploads\/2024\/12\/FelixLindvik_FSSkansli2_20230510_1.jpg 1500w\" sizes=\"auto, (max-width: 768px) 100vw, 768px\" \/><\/figure>\n\n\n\n<figure class=\"wp-block-image size-large\"><img loading=\"lazy\" decoding=\"async\" width=\"1024\" height=\"819\" data-id=\"591\" src=\"https:\/\/limebaymedia.fi\/wp-content\/uploads\/2025\/10\/IMG_8828-1024x819.jpeg\" alt=\"\" class=\"wp-image-591\" srcset=\"https:\/\/limebaymedia.fi\/wp-content\/uploads\/2025\/10\/IMG_8828-1024x819.jpeg 1024w, https:\/\/limebaymedia.fi\/wp-content\/uploads\/2025\/10\/IMG_8828-300x240.jpeg 300w, https:\/\/limebaymedia.fi\/wp-content\/uploads\/2025\/10\/IMG_8828-768x614.jpeg 768w, https:\/\/limebaymedia.fi\/wp-content\/uploads\/2025\/10\/IMG_8828-1536x1228.jpeg 1536w, https:\/\/limebaymedia.fi\/wp-content\/uploads\/2025\/10\/IMG_8828-2048x1638.jpeg 2048w, https:\/\/limebaymedia.fi\/wp-content\/uploads\/2025\/10\/IMG_8828-15x12.jpeg 15w\" sizes=\"auto, (max-width: 1024px) 100vw, 1024px\" \/><\/figure>\n<\/figure>","protected":false},"excerpt":{"rendered":"<p>A personalized look for your brand LimeBay Media offers flexible photographing services for portraits events and concerts. We always strive to deliver photos in a personalized look that makes you stand out of the crowd! Events and Concerts Don&#8217;t just host an event; create lasting impressions with stunning photography. Let us capture the magic of [&hellip;]<\/p>\n","protected":false},"author":1,"featured_media":323,"parent":0,"menu_order":0,"comment_status":"closed","ping_status":"closed","template":"","meta":{"_eb_attr":"","footnotes":""},"class_list":["post-268","page","type-page","status-publish","has-post-thumbnail","hentry"],"_links":{"self":[{"href":"https:\/\/limebaymedia.fi\/sv\/wp-json\/wp\/v2\/pages\/268","targetHints":{"allow":["GET"]}}],"collection":[{"href":"https:\/\/limebaymedia.fi\/sv\/wp-json\/wp\/v2\/pages"}],"about":[{"href":"https:\/\/limebaymedia.fi\/sv\/wp-json\/wp\/v2\/types\/page"}],"author":[{"embeddable":true,"href":"https:\/\/limebaymedia.fi\/sv\/wp-json\/wp\/v2\/users\/1"}],"replies":[{"embeddable":true,"href":"https:\/\/limebaymedia.fi\/sv\/wp-json\/wp\/v2\/comments?post=268"}],"version-history":[{"count":14,"href":"https:\/\/limebaymedia.fi\/sv\/wp-json\/wp\/v2\/pages\/268\/revisions"}],"predecessor-version":[{"id":599,"href":"https:\/\/limebaymedia.fi\/sv\/wp-json\/wp\/v2\/pages\/268\/revisions\/599"}],"wp:featuredmedia":[{"embeddable":true,"href":"https:\/\/limebaymedia.fi\/sv\/wp-json\/wp\/v2\/media\/323"}],"wp:attachment":[{"href":"https:\/\/limebaymedia.fi\/sv\/wp-json\/wp\/v2\/media?parent=268"}],"curies":[{"name":"wp","href":"https:\/\/api.w.org\/{rel}","templated":true}]}}