{"id":267,"date":"2024-12-06T15:26:10","date_gmt":"2024-12-06T15:26:10","guid":{"rendered":"https:\/\/limebaymedia.fi\/?page_id=267"},"modified":"2026-04-02T09:52:49","modified_gmt":"2026-04-02T07:52:49","slug":"webdesign","status":"publish","type":"page","link":"https:\/\/limebaymedia.fi\/sv\/webdesign\/","title":{"rendered":"Webbdesign"},"content":{"rendered":"<div class=\"wp-block-group has-global-padding is-layout-constrained wp-block-group-is-layout-constrained\" style=\"padding-top:var(--wp--preset--spacing--50);padding-bottom:var(--wp--preset--spacing--50)\">\n<h2 class=\"wp-block-heading\">Blickf\u00e5ngande n\u00e4rvaro online<\/h2>\n\n\n\n<p>Uppdatera din n\u00e4rvaro online genom en professionellt designad hemsida. En professionell hemsida f\u00f6rb\u00e4ttrar inte bara dina bes\u00f6kares upplevelse utan \u00f6kar engagemang och ger ditt varum\u00e4rke ett lyft och st\u00f6rre uppm\u00e4rksamhet. S\u00e5 ut ur m\u00e4ngden med en visuellt vacker och anv\u00e4ndarv\u00e4nlig hemsida som reflekterar din unika identitet och m\u00f6ter din verksamhets m\u00e5l.<\/p>\n\n\n\n<p>LimeBay Media specialiserar sig inom moderna, blickf\u00e5ngande hemsidor designade f\u00f6r att f\u00e5nga och beh\u00e5lla dina bes\u00f6kares uppm\u00e4rksamhet p\u00e5 ett obem\u00e4rkt och enkelt s\u00e4tt.<\/p>\n\n\n\n<p>Vi erbjuder ocks\u00e5 fullst\u00e4ndiga paket f\u00f6r varum\u00e4rkesdesign i kombination (eller separat) med design och utveckling av en fullfj\u00e4drad modern hemsida.<\/p>\n\n\n\n<div class=\"wp-block-group is-layout-grid wp-container-core-group-is-layout-b757edec wp-block-group-is-layout-grid\">\n<div style=\"aspect-ratio:16\/9;min-height:unset;\" class=\"wp-block-cover has-aspect-ratio\"><span aria-hidden=\"true\" class=\"wp-block-cover__background has-light-green-cyan-background-color has-background-dim-70 has-background-dim\"><\/span><img loading=\"lazy\" decoding=\"async\" width=\"2231\" height=\"1038\" class=\"wp-block-cover__image-background wp-image-610\" alt=\"\" src=\"https:\/\/limebaymedia.fi\/wp-content\/uploads\/2026\/04\/Screenshot_2026-04-02_10-48-58.png\" data-object-fit=\"cover\" srcset=\"https:\/\/limebaymedia.fi\/wp-content\/uploads\/2026\/04\/Screenshot_2026-04-02_10-48-58.png 2231w, https:\/\/limebaymedia.fi\/wp-content\/uploads\/2026\/04\/Screenshot_2026-04-02_10-48-58-300x140.png 300w, https:\/\/limebaymedia.fi\/wp-content\/uploads\/2026\/04\/Screenshot_2026-04-02_10-48-58-1024x476.png 1024w, https:\/\/limebaymedia.fi\/wp-content\/uploads\/2026\/04\/Screenshot_2026-04-02_10-48-58-768x357.png 768w, https:\/\/limebaymedia.fi\/wp-content\/uploads\/2026\/04\/Screenshot_2026-04-02_10-48-58-1536x715.png 1536w, https:\/\/limebaymedia.fi\/wp-content\/uploads\/2026\/04\/Screenshot_2026-04-02_10-48-58-2048x953.png 2048w, https:\/\/limebaymedia.fi\/wp-content\/uploads\/2026\/04\/Screenshot_2026-04-02_10-48-58-18x8.png 18w\" sizes=\"auto, (max-width: 2231px) 100vw, 2231px\" \/><div class=\"wp-block-cover__inner-container has-global-padding is-layout-constrained wp-block-cover-is-layout-constrained\">\n<p class=\"has-text-align-center has-text-color has-link-color has-medium-font-size wp-elements-85240d15bb686de2d64d003d1a30f0a3\" style=\"color:#ffffff\"><a href=\"https:\/\/forestgreen-bison-915084.hostingersite.com\/\" data-type=\"link\" data-id=\"https:\/\/forestgreen-bison-915084.hostingersite.com\/\" target=\"_blank\" rel=\"noreferrer noopener\">Champions<\/a><\/p>\n<\/div><\/div>\n\n\n\n<div style=\"aspect-ratio:16\/9;min-height:unset;\" class=\"wp-block-cover has-aspect-ratio\"><span aria-hidden=\"true\" class=\"wp-block-cover__background has-light-green-cyan-background-color has-background-dim\"><\/span><img loading=\"lazy\" decoding=\"async\" width=\"1663\" height=\"884\" class=\"wp-block-cover__image-background wp-image-390\" alt=\"\" src=\"https:\/\/limebaymedia.fi\/wp-content\/uploads\/2025\/01\/image-2.png\" data-object-fit=\"cover\" srcset=\"https:\/\/limebaymedia.fi\/wp-content\/uploads\/2025\/01\/image-2.png 1663w, https:\/\/limebaymedia.fi\/wp-content\/uploads\/2025\/01\/image-2-300x159.png 300w, https:\/\/limebaymedia.fi\/wp-content\/uploads\/2025\/01\/image-2-1024x544.png 1024w, https:\/\/limebaymedia.fi\/wp-content\/uploads\/2025\/01\/image-2-768x408.png 768w, https:\/\/limebaymedia.fi\/wp-content\/uploads\/2025\/01\/image-2-1536x816.png 1536w\" sizes=\"auto, (max-width: 1663px) 100vw, 1663px\" \/><div class=\"wp-block-cover__inner-container has-global-padding is-layout-constrained wp-block-cover-is-layout-constrained\">\n<p class=\"has-text-align-center has-text-color has-link-color has-medium-font-size wp-elements-72a14e6cff616c958dc30903d0010383\" style=\"color:#ffffff\"><a href=\"http:\/\/skolungdom.fi\" data-type=\"link\" data-id=\"skolungdom.fi\" target=\"_blank\" rel=\"noreferrer noopener\">Finlands Svenska Skolungdomsf\u00f6rbund<\/a><\/p>\n<\/div><\/div>\n\n\n\n<div style=\"aspect-ratio:16\/9;min-height:unset;\" class=\"wp-block-cover has-aspect-ratio\"><span aria-hidden=\"true\" class=\"wp-block-cover__background has-light-green-cyan-background-color has-background-dim-70 has-background-dim\"><\/span><img loading=\"lazy\" decoding=\"async\" width=\"1897\" height=\"1242\" class=\"wp-block-cover__image-background wp-image-613\" alt=\"\" src=\"https:\/\/limebaymedia.fi\/wp-content\/uploads\/2026\/04\/Screenshot_2026-04-02_10-50-38.png\" data-object-fit=\"cover\" srcset=\"https:\/\/limebaymedia.fi\/wp-content\/uploads\/2026\/04\/Screenshot_2026-04-02_10-50-38.png 1897w, https:\/\/limebaymedia.fi\/wp-content\/uploads\/2026\/04\/Screenshot_2026-04-02_10-50-38-300x196.png 300w, https:\/\/limebaymedia.fi\/wp-content\/uploads\/2026\/04\/Screenshot_2026-04-02_10-50-38-1024x670.png 1024w, https:\/\/limebaymedia.fi\/wp-content\/uploads\/2026\/04\/Screenshot_2026-04-02_10-50-38-768x503.png 768w, https:\/\/limebaymedia.fi\/wp-content\/uploads\/2026\/04\/Screenshot_2026-04-02_10-50-38-1536x1006.png 1536w, https:\/\/limebaymedia.fi\/wp-content\/uploads\/2026\/04\/Screenshot_2026-04-02_10-50-38-18x12.png 18w\" sizes=\"auto, (max-width: 1897px) 100vw, 1897px\" \/><div class=\"wp-block-cover__inner-container has-global-padding is-layout-constrained wp-block-cover-is-layout-constrained\">\n<p class=\"has-text-align-center has-text-color has-link-color has-medium-font-size wp-elements-552a6a8d6b59968168c2c689d630eead\" style=\"color:#ffffff\"><a href=\"http:\/\/vasanation.fi\">Bygg <\/a><a href=\"https:\/\/slef.fi\/bygg-pa-klippan\" data-type=\"link\" data-id=\"https:\/\/slef.fi\/bygg-pa-klippan\">p\u00e5 <\/a><a href=\"https:\/\/slef.fi\/bygg-pa-klippan\" data-type=\"link\" data-id=\"https:\/\/slef.fi\/bygg-pa-klippan\" target=\"_blank\" rel=\"noreferrer noopener\">Klippan<\/a><\/p>\n<\/div><\/div>\n\n\n\n<div style=\"aspect-ratio:16\/9;min-height:unset;\" class=\"wp-block-cover has-aspect-ratio\"><span aria-hidden=\"true\" class=\"wp-block-cover__background has-light-green-cyan-background-color has-background-dim-70 has-background-dim\"><\/span><img loading=\"lazy\" decoding=\"async\" width=\"1665\" height=\"902\" class=\"wp-block-cover__image-background wp-image-389\" alt=\"\" src=\"https:\/\/limebaymedia.fi\/wp-content\/uploads\/2025\/01\/image-1.png\" data-object-fit=\"cover\" srcset=\"https:\/\/limebaymedia.fi\/wp-content\/uploads\/2025\/01\/image-1.png 1665w, https:\/\/limebaymedia.fi\/wp-content\/uploads\/2025\/01\/image-1-300x163.png 300w, https:\/\/limebaymedia.fi\/wp-content\/uploads\/2025\/01\/image-1-1024x555.png 1024w, https:\/\/limebaymedia.fi\/wp-content\/uploads\/2025\/01\/image-1-768x416.png 768w, https:\/\/limebaymedia.fi\/wp-content\/uploads\/2025\/01\/image-1-1536x832.png 1536w\" sizes=\"auto, (max-width: 1665px) 100vw, 1665px\" \/><div class=\"wp-block-cover__inner-container has-global-padding is-layout-constrained wp-block-cover-is-layout-constrained\">\n<p class=\"has-text-align-center has-text-color has-link-color has-medium-font-size wp-elements-e9e03c2296db4907d00aba004bfe76bf\" style=\"color:#ffffff\"><a href=\"http:\/\/vasanation.fi\" target=\"_blank\" rel=\"noreferrer noopener\">Vasa Nation<\/a><\/p>\n<\/div><\/div>\n\n\n\n<div style=\"aspect-ratio:16\/9;min-height:unset;\" class=\"wp-block-cover hide has-aspect-ratio\"><span aria-hidden=\"true\" class=\"wp-block-cover__background has-light-green-cyan-background-color has-background-dim-70 has-background-dim\"><\/span><img loading=\"lazy\" decoding=\"async\" width=\"1219\" height=\"707\" class=\"wp-block-cover__image-background wp-image-388\" alt=\"\" src=\"https:\/\/limebaymedia.fi\/wp-content\/uploads\/2025\/01\/image.png\" data-object-fit=\"cover\" srcset=\"https:\/\/limebaymedia.fi\/wp-content\/uploads\/2025\/01\/image.png 1219w, https:\/\/limebaymedia.fi\/wp-content\/uploads\/2025\/01\/image-300x174.png 300w, https:\/\/limebaymedia.fi\/wp-content\/uploads\/2025\/01\/image-1024x594.png 1024w, https:\/\/limebaymedia.fi\/wp-content\/uploads\/2025\/01\/image-768x445.png 768w\" sizes=\"auto, (max-width: 1219px) 100vw, 1219px\" \/><div class=\"wp-block-cover__inner-container has-global-padding is-layout-constrained wp-block-cover-is-layout-constrained\">\n<p class=\"has-text-align-center has-text-color has-link-color has-medium-font-size wp-elements-e6def210c49e7c19e8e4896ee87aeb89\" style=\"color:#ffffff\"><a href=\"http:\/\/mbstation.fi\">Medical Beauty Station<\/a><\/p>\n<\/div><\/div>\n\n\n\n<p class=\"wp-container-content-5e2576f9\"><\/p>\n\n\n\n<p><\/p>\n\n\n\n<p><\/p>\n<\/div>\n<\/div>","protected":false},"excerpt":{"rendered":"<p>Eye-catching online presence Transform your online presence with expertly designed websites. A professional web design not only enhances user experience but also drives engagement and boosts your brand. Stand out with a visually stunning, user-friendly website that reflects your unique identity and meets your business goals. LimeBay Media specialises in modern, eye-catching websites, designed to [&hellip;]<\/p>\n","protected":false},"author":1,"featured_media":250,"parent":0,"menu_order":0,"comment_status":"closed","ping_status":"closed","template":"","meta":{"_eb_attr":"","footnotes":""},"class_list":["post-267","page","type-page","status-publish","has-post-thumbnail","hentry"],"_links":{"self":[{"href":"https:\/\/limebaymedia.fi\/sv\/wp-json\/wp\/v2\/pages\/267","targetHints":{"allow":["GET"]}}],"collection":[{"href":"https:\/\/limebaymedia.fi\/sv\/wp-json\/wp\/v2\/pages"}],"about":[{"href":"https:\/\/limebaymedia.fi\/sv\/wp-json\/wp\/v2\/types\/page"}],"author":[{"embeddable":true,"href":"https:\/\/limebaymedia.fi\/sv\/wp-json\/wp\/v2\/users\/1"}],"replies":[{"embeddable":true,"href":"https:\/\/limebaymedia.fi\/sv\/wp-json\/wp\/v2\/comments?post=267"}],"version-history":[{"count":11,"href":"https:\/\/limebaymedia.fi\/sv\/wp-json\/wp\/v2\/pages\/267\/revisions"}],"predecessor-version":[{"id":616,"href":"https:\/\/limebaymedia.fi\/sv\/wp-json\/wp\/v2\/pages\/267\/revisions\/616"}],"wp:featuredmedia":[{"embeddable":true,"href":"https:\/\/limebaymedia.fi\/sv\/wp-json\/wp\/v2\/media\/250"}],"wp:attachment":[{"href":"https:\/\/limebaymedia.fi\/sv\/wp-json\/wp\/v2\/media?parent=267"}],"curies":[{"name":"wp","href":"https:\/\/api.w.org\/{rel}","templated":true}]}}