{"id":266,"date":"2024-12-06T15:26:38","date_gmt":"2024-12-06T15:26:38","guid":{"rendered":"https:\/\/limebaymedia.fi\/?page_id=266"},"modified":"2025-10-21T21:12:40","modified_gmt":"2025-10-21T19:12:40","slug":"livestreaming","status":"publish","type":"page","link":"https:\/\/limebaymedia.fi\/sv\/livestreaming\/","title":{"rendered":"Live-streaming"},"content":{"rendered":"<div class=\"wp-block-group has-global-padding is-layout-constrained wp-block-group-is-layout-constrained\" style=\"margin-top:0;margin-bottom:0;padding-top:var(--wp--preset--spacing--70);padding-bottom:var(--wp--preset--spacing--70)\">\n<h2 class=\"wp-block-heading\"><strong>Flexibla l\u00f6sningar f\u00f6r flerkamera- och liveproduktioner<\/strong><\/h2>\n\n\n\n<p class=\"has-text-align-left\">LimeBay Media erbjuder skr\u00e4ddarsydda l\u00f6sningar och planering fr\u00e5n b\u00f6rjan till slut. Vi ser till att ditt event n\u00e5r ut till publiken utanf\u00f6r rummets fyra v\u00e4ggar och ut i cyberrymden d\u00e4r det n\u00e5r en global publik.<\/p>\n<\/div>\n\n\n\n<div class=\"wp-block-group has-light-green-cyan-color has-text-color has-background has-link-color wp-elements-09911337f261adbf4bf87ddc6db90ee6 has-global-padding is-layout-constrained wp-block-group-is-layout-constrained\" style=\"background:linear-gradient(135deg,rgb(141,172,91) 1%,rgb(104,178,114) 100%);margin-top:0;margin-bottom:0;padding-top:var(--wp--preset--spacing--80);padding-bottom:var(--wp--preset--spacing--80)\">\n<h2 class=\"wp-block-heading has-text-color has-link-color wp-elements-6866f0d4dadfe3795663f3c9a498c924\" style=\"color:#ffffff\">Broaden your reach with<br>livestreams<\/h2>\n\n\n\n<p class=\"has-text-align-left has-text-color has-link-color wp-elements-221ad611c3cdd41968d0d4a6a5b69914\" style=\"color:#ffffff\">LimeBay Medias flerkameraproduktioner \u00e4r specialiserade inom konferensproduktioner och andra samlingar s\u00e5 som Gudstj\u00e4nster, m\u00f6ten och andra evenemang. N\u00e4r det beh\u00f6vs tar vi in f\u00f6rst\u00e4rkning f\u00f6r att f\u00f6rs\u00e4kra att ni b\u00e5de ses och h\u00f6rs, b\u00e5de p\u00e5 plats och p\u00e5 streamen.<\/p>\n<\/div>\n\n\n\n<div class=\"wp-block-cover has-parallax wp-duotone-unset-1\" style=\"margin-top:0\"><span aria-hidden=\"true\" class=\"wp-block-cover__background has-background-dim\" style=\"background-color:#404040\"><\/span><div class=\"wp-block-cover__image-background wp-image-365 has-parallax\" style=\"background-position:50% 50%;background-image:url(https:\/\/limebaymedia.fi\/wp-content\/uploads\/2025\/01\/42E73FEB-BA26-4A98-9AF6-565750595A74_1_201_a-scaled.jpg)\"><\/div><div class=\"wp-block-cover__inner-container is-layout-flow wp-block-cover-is-layout-flow\">\n<h2 class=\"wp-block-heading has-text-align-center\">Senaste produktionerna<\/h2>\n\n\n\n<div class=\"wp-block-group is-layout-flow wp-block-group-is-layout-flow\" style=\"margin-top:0;margin-bottom:0;padding-top:var(--wp--preset--spacing--70);padding-bottom:var(--wp--preset--spacing--70)\">\n<div class=\"wp-block-group is-layout-grid wp-container-core-group-is-layout-b757edec wp-block-group-is-layout-grid\">\n<div class=\"wp-block-essential-blocks-advanced-video  root-eb-advanced-video-qc04o\"><div class=\"eb-parent-wrapper eb-parent-eb-advanced-video-qc04o\"><div class=\"eb-advanced-video-wrapper eb-advanced-video-qc04o none\" data-id=\"eb-advanced-video-qc04o\"><div class=\"eb-player-wrapper eb-advanced-video-qc04o\"><div class=\"eb-player-option none right\" data-id=\"eb-advanced-video-qc04o\" data-url=\"https:\/\/youtu.be\/qoHSLpfibIQ\" data-option=\"none\" data-controls=\"true\" data-loop=\"false\" data-muted=\"false\" data-playing=\"true\" data-overlay=\"true\" data-light=\"https:\/\/limebaymedia.fi\/wp-content\/uploads\/2025\/01\/Screenshot-2025-01-21-at-22.16.41.png\" data-customplayicontype=\"icon\" data-customplayiconlib=\"fas fa-play-circle\" data-customplayicon=\"true\" data-playicon=\"https:\/\/limebaymedia.fi\/wp-content\/plugins\/essential-blocks\/assets\/images\/adv-video-playicon.svg\" data-download=\"false\"><\/div><\/div><\/div><\/div><\/div>\n\n\n\n<div class=\"wp-block-essential-blocks-advanced-video  root-eb-advanced-video-uj3qb\"><div class=\"eb-parent-wrapper eb-parent-eb-advanced-video-uj3qb\"><div class=\"eb-advanced-video-wrapper eb-advanced-video-uj3qb none\" data-id=\"eb-advanced-video-uj3qb\"><div class=\"eb-player-wrapper eb-advanced-video-uj3qb\"><div class=\"eb-player-option none right\" data-id=\"eb-advanced-video-uj3qb\" data-url=\"https:\/\/www.youtube.com\/watch?v=3eklx4uOoF8\" data-option=\"none\" data-controls=\"true\" data-loop=\"false\" data-muted=\"false\" data-playing=\"true\" data-overlay=\"true\" data-light=\"https:\/\/limebaymedia.fi\/wp-content\/uploads\/2025\/01\/Jultabla-2024-VAGRAT-scaled.jpg\" data-customplayicontype=\"icon\" data-customplayiconlib=\"fas fa-play-circle\" data-customplayicon=\"true\" data-playicon=\"https:\/\/limebaymedia.fi\/wp-content\/plugins\/essential-blocks\/assets\/images\/adv-video-playicon.svg\" data-download=\"false\"><\/div><\/div><\/div><\/div><\/div>\n<\/div>\n<\/div>\n<\/div><\/div>\n\n\n\n<div class=\"wp-block-group has-global-padding is-layout-constrained wp-block-group-is-layout-constrained\" style=\"margin-top:0;margin-bottom:0;padding-top:var(--wp--preset--spacing--70);padding-bottom:var(--wp--preset--spacing--70)\">\n<h2 class=\"wp-block-heading\">Filmning och postproduktion<\/h2>\n\n\n\n<p class=\"has-text-align-left\">Vi erbjuder \u00e4ven f\u00f6rhandsinspelade flerkameraproduktioner, mindre videoprojekt och f\u00f6rst\u00e5s postproduktion.<\/p>\n\n\n\n<p class=\"has-text-align-left\">Kontakta oss f\u00f6r mer info!<\/p>\n\n\n\n<div class=\"wp-block-buttons is-layout-flex wp-block-buttons-is-layout-flex\">\n<div class=\"wp-block-button\"><a class=\"wp-block-button__link wp-element-button\" href=\"https:\/\/limebaymedia.fi\/sv\/contact\/\">Kontakt<\/a><\/div>\n<\/div>\n<\/div>\n\n\n\n<p><\/p>","protected":false},"excerpt":{"rendered":"<p>Flexible solutions for multi-camera- and live productions LimeBay Media offers tailored solutions and planning from start to finish. We ensure that your event reaches beyond the walls of the room and into the cyberspace for a global audience. Broaden your reach withlivestreams LimeBay Media&#8217;s multi-camera production is specialized in conference productions and other gatherings such [&hellip;]<\/p>\n","protected":false},"author":1,"featured_media":93,"parent":0,"menu_order":0,"comment_status":"closed","ping_status":"closed","template":"","meta":{"_eb_attr":"","footnotes":""},"class_list":["post-266","page","type-page","status-publish","has-post-thumbnail","hentry"],"_links":{"self":[{"href":"https:\/\/limebaymedia.fi\/sv\/wp-json\/wp\/v2\/pages\/266","targetHints":{"allow":["GET"]}}],"collection":[{"href":"https:\/\/limebaymedia.fi\/sv\/wp-json\/wp\/v2\/pages"}],"about":[{"href":"https:\/\/limebaymedia.fi\/sv\/wp-json\/wp\/v2\/types\/page"}],"author":[{"embeddable":true,"href":"https:\/\/limebaymedia.fi\/sv\/wp-json\/wp\/v2\/users\/1"}],"replies":[{"embeddable":true,"href":"https:\/\/limebaymedia.fi\/sv\/wp-json\/wp\/v2\/comments?post=266"}],"version-history":[{"count":26,"href":"https:\/\/limebaymedia.fi\/sv\/wp-json\/wp\/v2\/pages\/266\/revisions"}],"predecessor-version":[{"id":598,"href":"https:\/\/limebaymedia.fi\/sv\/wp-json\/wp\/v2\/pages\/266\/revisions\/598"}],"wp:featuredmedia":[{"embeddable":true,"href":"https:\/\/limebaymedia.fi\/sv\/wp-json\/wp\/v2\/media\/93"}],"wp:attachment":[{"href":"https:\/\/limebaymedia.fi\/sv\/wp-json\/wp\/v2\/media?parent=266"}],"curies":[{"name":"wp","href":"https:\/\/api.w.org\/{rel}","templated":true}]}}