{"id":114,"date":"2024-12-05T20:12:09","date_gmt":"2024-12-05T20:12:09","guid":{"rendered":"https:\/\/limebaymedia.fi\/?page_id=114"},"modified":"2026-05-02T11:04:34","modified_gmt":"2026-05-02T09:04:34","slug":"start","status":"publish","type":"page","link":"https:\/\/limebaymedia.fi\/sv\/","title":{"rendered":"Start"},"content":{"rendered":"<div class=\"wp-block-essential-blocks-slider start-carousel  root-eb-slider-omnal\"><div class=\"eb-parent-wrapper eb-parent-eb-slider-omnal\"><div class=\"eb-slider-wrapper eb-slider-omnal default-slider\" data-blockid=\"eb-slider-omnal\" data-version=\"v4\" data-settings=\"eyJhcnJvd3MiOmZhbHNlLCJhZGFwdGl2ZUhlaWdodCI6dHJ1ZSwiYXV0b3BsYXkiOnRydWUsImF1dG9wbGF5U3BlZWQiOjMwMDAsImRvdHMiOmZhbHNlLCJmYWRlIjp0cnVlLCJpbmZpbml0ZSI6dHJ1ZSwicGF1c2VPbkhvdmVyIjpmYWxzZSwic2xpZGVzVG9TaG93IjoxLCJzcGVlZCI6MTAwMCwidmVydGljYWwiOmZhbHNlLCJjdXJyZW50U2xpZGUiOjAsInJ0bCI6ZmFsc2UsInJlc3BvbnNpdmUiOlt7ImJyZWFrcG9pbnQiOjEwMjUsInNldHRpbmdzIjp7InNsaWRlc1RvU2hvdyI6MX19LHsiYnJlYWtwb2ludCI6NzY3LCJzZXR0aW5ncyI6eyJzbGlkZXNUb1Nob3ciOjF9fV19\" data-arrownexticon=\"fas fa-arrow-alt-circle-right\" data-arrowprevicon=\"fas fa-arrow-alt-circle-left\" data-lightbox=\"false\"><div class=\"eb-slider-init eb-slider-type-image\"><div class=\"eb-slider-item content-1\" data-src=\"https:\/\/limebaymedia.fi\/wp-content\/uploads\/2025\/10\/FelixLindvik_street_20240325_53-scaled.jpg\"><div><img class=\"eb-slider-image\" data-lazy=\"https:\/\/limebaymedia.fi\/wp-content\/uploads\/2025\/10\/FelixLindvik_street_20240325_53-scaled.jpg\"\/><\/div><\/div><div class=\"eb-slider-item content-1\" data-src=\"https:\/\/limebaymedia.fi\/wp-content\/uploads\/2025\/04\/dji_fly_20250325_194022_120_1742924486829_photo_optimized-3-scaled.jpg\"><div><img class=\"eb-slider-image\" data-lazy=\"https:\/\/limebaymedia.fi\/wp-content\/uploads\/2025\/04\/dji_fly_20250325_194022_120_1742924486829_photo_optimized-3-scaled.jpg\"\/><\/div><\/div><div class=\"eb-slider-item content-1\" data-src=\"https:\/\/limebaymedia.fi\/wp-content\/uploads\/2025\/04\/FelixLindvik_1_20220620_0477-scaled.jpeg\"><div><img class=\"eb-slider-image\" data-lazy=\"https:\/\/limebaymedia.fi\/wp-content\/uploads\/2025\/04\/FelixLindvik_1_20220620_0477-scaled.jpeg\"\/><\/div><\/div><div class=\"eb-slider-item content-1\" data-src=\"https:\/\/limebaymedia.fi\/wp-content\/uploads\/2025\/10\/IMG_8828-scaled.jpeg\"><div><img class=\"eb-slider-image\" data-lazy=\"https:\/\/limebaymedia.fi\/wp-content\/uploads\/2025\/10\/IMG_8828-scaled.jpeg\"\/><\/div><\/div><div class=\"eb-slider-item content-1\" data-src=\"https:\/\/limebaymedia.fi\/wp-content\/uploads\/2025\/10\/FelixLindvik_20240327_15021-scaled.jpg\"><div><img class=\"eb-slider-image\" data-lazy=\"https:\/\/limebaymedia.fi\/wp-content\/uploads\/2025\/10\/FelixLindvik_20240327_15021-scaled.jpg\"\/><\/div><\/div><div class=\"eb-slider-item content-1\" data-src=\"https:\/\/limebaymedia.fi\/wp-content\/uploads\/2025\/10\/FelixLindvik_20240919_0101-scaled.jpeg\"><div><img class=\"eb-slider-image\" data-lazy=\"https:\/\/limebaymedia.fi\/wp-content\/uploads\/2025\/10\/FelixLindvik_20240919_0101-scaled.jpeg\"\/><\/div><\/div><div class=\"eb-slider-item content-1\" data-src=\"https:\/\/limebaymedia.fi\/wp-content\/uploads\/2025\/10\/FelixLindvik_20250501_0398.jpeg\"><div><img class=\"eb-slider-image\" data-lazy=\"https:\/\/limebaymedia.fi\/wp-content\/uploads\/2025\/10\/FelixLindvik_20250501_0398.jpeg\"\/><\/div><\/div><div class=\"eb-slider-item content-1\" data-src=\"https:\/\/limebaymedia.fi\/wp-content\/uploads\/2025\/10\/FelixLindvik_20250718_0539-scaled.jpeg\"><div><img class=\"eb-slider-image\" data-lazy=\"https:\/\/limebaymedia.fi\/wp-content\/uploads\/2025\/10\/FelixLindvik_20250718_0539-scaled.jpeg\"\/><\/div><\/div><div class=\"eb-slider-item content-1\" data-src=\"https:\/\/limebaymedia.fi\/wp-content\/uploads\/2025\/10\/FelixLindvik_20250725_0136-scaled.jpeg\"><div><img class=\"eb-slider-image\" data-lazy=\"https:\/\/limebaymedia.fi\/wp-content\/uploads\/2025\/10\/FelixLindvik_20250725_0136-scaled.jpeg\"\/><\/div><\/div><div class=\"eb-slider-item content-1\" data-src=\"https:\/\/limebaymedia.fi\/wp-content\/uploads\/2025\/10\/FelixLindvik_ABGN_20250816_0729.jpeg\"><div><img class=\"eb-slider-image\" data-lazy=\"https:\/\/limebaymedia.fi\/wp-content\/uploads\/2025\/10\/FelixLindvik_ABGN_20250816_0729.jpeg\"\/><\/div><\/div><div class=\"eb-slider-item content-1\" data-src=\"https:\/\/limebaymedia.fi\/wp-content\/uploads\/2025\/10\/FelixLindvik_Belgien_20230705_26.jpg\"><div><img class=\"eb-slider-image\" data-lazy=\"https:\/\/limebaymedia.fi\/wp-content\/uploads\/2025\/10\/FelixLindvik_Belgien_20230705_26.jpg\"\/><\/div><\/div><div class=\"eb-slider-item content-1\" data-src=\"https:\/\/limebaymedia.fi\/wp-content\/uploads\/2025\/10\/FelixLindvik_Cypern24_20240508_117-scaled.jpg\"><div><img class=\"eb-slider-image\" data-lazy=\"https:\/\/limebaymedia.fi\/wp-content\/uploads\/2025\/10\/FelixLindvik_Cypern24_20240508_117-scaled.jpg\"\/><\/div><\/div><div class=\"eb-slider-item content-1\" data-src=\"https:\/\/limebaymedia.fi\/wp-content\/uploads\/2025\/10\/IMG_3674-Enhanced-NR-scaled.jpg\"><div><img class=\"eb-slider-image\" data-lazy=\"https:\/\/limebaymedia.fi\/wp-content\/uploads\/2025\/10\/IMG_3674-Enhanced-NR-scaled.jpg\"\/><\/div><\/div><div class=\"eb-slider-item content-1\" data-src=\"https:\/\/limebaymedia.fi\/wp-content\/uploads\/2025\/10\/FelixLindvik_NV-Stronger_20250927_0537-scaled.jpeg\"><div><img class=\"eb-slider-image\" data-lazy=\"https:\/\/limebaymedia.fi\/wp-content\/uploads\/2025\/10\/FelixLindvik_NV-Stronger_20250927_0537-scaled.jpeg\"\/><\/div><\/div><\/div><\/div><\/div><\/div>\n\n\n\n<div class=\"wp-block-cover hero-cover wp-duotone-unset-1\" style=\"margin-top:0%;margin-bottom:0px;padding-top:var(--wp--preset--spacing--80);padding-bottom:var(--wp--preset--spacing--80);min-height:99.5vh;aspect-ratio:unset;\"><span aria-hidden=\"true\" class=\"wp-block-cover__background has-light-green-cyan-background-color has-background-dim-60 has-background-dim\"><\/span><div class=\"wp-block-cover__inner-container has-global-padding is-layout-constrained wp-container-core-cover-is-layout-da35f626 wp-block-cover-is-layout-constrained\">\n<div class=\"wp-block-group z999 is-vertical is-content-justification-stretch is-layout-flex wp-container-core-group-is-layout-01be3872 wp-block-group-is-layout-flex\" style=\"padding-top:var(--wp--preset--spacing--80)\">\n<h1 class=\"wp-block-heading has-text-align-left has-text-color has-link-color has-nunito-font-family has-x-large-font-size wp-elements-d0c40d818ddbd6d288a36d2d62eac137\" style=\"color:#f3f3f3;font-style:normal;font-weight:900;letter-spacing:7px;text-transform:uppercase\">VISUELL<\/h1>\n\n\n\n<h1 class=\"wp-block-heading has-text-align-left has-x-large-font-size wp-container-content-9cfa9a5a\" style=\"text-transform:uppercase\">Problem&amp;shyl\u00f6sare<\/h1>\n\n\n\n<p>Hj\u00e4lper ditt varum\u00e4rke att st\u00e5 ut!<\/p>\n\n\n\n<div style=\"height:231px\" aria-hidden=\"true\" class=\"wp-block-spacer wp-container-content-cc63c9e8\"><\/div>\n\n\n\n<div class=\"wp-block-group hero-bottom-row is-content-justification-space-between is-layout-flex wp-container-core-group-is-layout-7b1a1c6a wp-block-group-is-layout-flex\" style=\"padding-right:0;padding-left:0\">\n<div class=\"wp-block-group is-layout-flow wp-block-group-is-layout-flow\" style=\"padding-right:0;padding-left:0\"><\/div>\n\n\n\n<div class=\"wp-block-group hero-links has-global-padding is-layout-constrained wp-block-group-is-layout-constrained\">\n<h2 class=\"wp-block-heading has-text-align-right start-link-hover opacity-75 has-text-color has-link-color wp-elements-d91b9e8c24ba6545395499e3ecba2b65\" style=\"color:#f7f7f7;font-size:1.2em;font-style:normal;font-weight:100;letter-spacing:4px;text-decoration:none;text-transform:uppercase\"><a href=\"https:\/\/limebaymedia.fi\/sv\/livestreaming\/\" data-type=\"page\" data-id=\"266\">Livestreaming<\/a><\/h2>\n\n\n\n<h2 class=\"wp-block-heading has-text-align-right start-link-hover opacity-75 has-text-color has-link-color wp-elements-8f41b749e60d72e4d01ba873cbcc873d\" style=\"color:#f7f7f7;font-size:1.2em;font-style:normal;font-weight:100;letter-spacing:4px;text-decoration:none;text-transform:uppercase\"><a href=\"https:\/\/limebaymedia.fi\/sv\/webdesign\/\" data-type=\"page\" data-id=\"267\">Webbdesign<\/a><\/h2>\n\n\n\n<h2 class=\"wp-block-heading has-text-align-right start-link-hover opacity-75 has-text-color has-link-color wp-elements-fb4a22a3238a23bcca9ef7f5190a3cc0\" style=\"color:#f7f7f7;font-size:1.2em;font-style:normal;font-weight:100;letter-spacing:4px;text-decoration:none;text-transform:uppercase\"><a href=\"https:\/\/limebaymedia.fi\/sv\/photography\/\" data-type=\"page\" data-id=\"268\">Fotografering<\/a><\/h2>\n\n\n\n<h2 class=\"wp-block-heading has-text-align-right start-link-hover opacity-75 has-text-color has-link-color wp-elements-3ac1b13b9ad3d6279fe60c2c030a0b32\" style=\"color:#f7f7f7;font-size:1.2em;font-style:normal;font-weight:100;letter-spacing:4px;text-decoration:none;text-transform:uppercase\"><a href=\"https:\/\/felixlindvik.com\" data-type=\"page\" data-id=\"268\" target=\"_blank\" rel=\"noreferrer noopener\">Portfolio<\/a><\/h2>\n<\/div>\n<\/div>\n<\/div>\n<\/div><\/div>\n\n\n\n<div class=\"wp-block-group has-global-padding is-content-justification-center is-layout-constrained wp-container-core-group-is-layout-25973ee4 wp-block-group-is-layout-constrained\" style=\"padding-top:var(--wp--preset--spacing--80);padding-bottom:var(--wp--preset--spacing--80)\">\n<div class=\"wp-block-columns is-layout-flex wp-container-core-columns-is-layout-28f84493 wp-block-columns-is-layout-flex\">\n<div class=\"wp-block-column is-vertically-aligned-stretch is-layout-flow wp-block-column-is-layout-flow\" style=\"padding-top:0;padding-right:var(--wp--preset--spacing--20);padding-left:var(--wp--preset--spacing--20);flex-basis:66.66%\">\n<h2 class=\"wp-block-heading\" style=\"letter-spacing:2px\">LimeBay Media<\/h2>\n\n\n\n<h3 class=\"wp-block-heading\" style=\"letter-spacing:2px;text-transform:uppercase\">Din kreativa kompanjon<\/h3>\n\n\n\n<p>LimeBay Media \u00e4r ett enmanna-f\u00f6retag baserat i Vasa, Finland och verkar fr\u00e4mst i \u00d6sterbotten.<\/p>\n<\/div>\n\n\n\n<div class=\"wp-block-column is-vertically-aligned-center is-layout-flow wp-block-column-is-layout-flow\" style=\"padding-right:var(--wp--preset--spacing--20);padding-left:var(--wp--preset--spacing--20);flex-basis:33.33%\">\n<figure class=\"wp-block-image alignleft size-full is-style-default\" style=\"margin-top:0;margin-right:0;margin-bottom:0;margin-left:0\"><img loading=\"lazy\" decoding=\"async\" width=\"682\" height=\"1024\" src=\"https:\/\/limebaymedia.fi\/wp-content\/uploads\/2024\/12\/Maria-Studio-334-682x1024-1.jpg\" alt=\"\" class=\"wp-image-188\" style=\"aspect-ratio:3\/4;object-fit:cover\" srcset=\"https:\/\/limebaymedia.fi\/wp-content\/uploads\/2024\/12\/Maria-Studio-334-682x1024-1.jpg 682w, https:\/\/limebaymedia.fi\/wp-content\/uploads\/2024\/12\/Maria-Studio-334-682x1024-1-200x300.jpg 200w\" sizes=\"auto, (max-width: 682px) 100vw, 682px\" \/><\/figure>\n<\/div>\n<\/div>\n\n\n\n<div class=\"wp-block-group has-global-padding is-layout-constrained wp-block-group-is-layout-constrained\">\n<p>LimeBay Media grundades av Felix Lindvik \u00e5r 2024 med visionen att hj\u00e4lpa kunder att ber\u00e4tta sin story genom hemsidor och audiovisuellt material.<\/p>\n\n\n\n<figure class=\"wp-block-image size-large\"><img loading=\"lazy\" decoding=\"async\" width=\"768\" height=\"1024\" src=\"https:\/\/limebaymedia.fi\/wp-content\/uploads\/2025\/04\/DSCN2500-768x1024.jpeg\" alt=\"\" class=\"wp-image-499\" srcset=\"https:\/\/limebaymedia.fi\/wp-content\/uploads\/2025\/04\/DSCN2500-768x1024.jpeg 768w, https:\/\/limebaymedia.fi\/wp-content\/uploads\/2025\/04\/DSCN2500-225x300.jpeg 225w, https:\/\/limebaymedia.fi\/wp-content\/uploads\/2025\/04\/DSCN2500-1152x1536.jpeg 1152w, https:\/\/limebaymedia.fi\/wp-content\/uploads\/2025\/04\/DSCN2500-1536x2048.jpeg 1536w, https:\/\/limebaymedia.fi\/wp-content\/uploads\/2025\/04\/DSCN2500-9x12.jpeg 9w, https:\/\/limebaymedia.fi\/wp-content\/uploads\/2025\/04\/DSCN2500-scaled.jpeg 1920w\" sizes=\"auto, (max-width: 768px) 100vw, 768px\" \/><\/figure>\n\n\n\n<p>Felix \u00e4r specialiserad p\u00e5 att skapa hemsidor som f\u00e5ngar bes\u00f6karens uppm\u00e4rksamhet och att skapa smakfullt audiovisuellt material, allt skr\u00e4ddarsytt till kundens behov och \u00f6nskem\u00e5l.<\/p>\n\n\n\n<div class=\"wp-block-buttons has-custom-font-size has-small-font-size is-content-justification-left is-layout-flex wp-container-core-buttons-is-layout-fc4fd283 wp-block-buttons-is-layout-flex\">\n<div class=\"wp-block-button\"><a class=\"wp-block-button__link has-luminous-vivid-orange-background-color has-background wp-element-button\" href=\"https:\/\/limebaymedia.fi\/sv\/contakt\/\"><strong>Ta kontakt!<\/strong><\/a><\/div>\n<\/div>\n<\/div>\n<\/div>\n\n\n\n<div class=\"wp-block-cover is-light has-parallax hidden wp-duotone-magenta-yellow\"><div role=\"img\" aria-label=\"Rustic Mosaic\" class=\"wp-block-cover__image-background wp-image-218 has-parallax\" style=\"background-position:50% 50%;background-image:url(https:\/\/limebaymedia.fi\/wp-content\/uploads\/2024\/12\/rustic-mosaic-stockpack-unsplash-scaled.jpg)\"><\/div><span aria-hidden=\"true\" class=\"wp-block-cover__background has-white-background-color has-background-dim-80 has-background-dim\"><\/span><div class=\"wp-block-cover__inner-container is-layout-flow wp-block-cover-is-layout-flow\">\n<div class=\"wp-block-group is-layout-flow wp-block-group-is-layout-flow\" style=\"padding-top:var(--wp--preset--spacing--50);padding-right:var(--wp--preset--spacing--30);padding-bottom:var(--wp--preset--spacing--50);padding-left:var(--wp--preset--spacing--30)\">\n<h2 class=\"wp-block-heading has-text-align-center has-black-color has-text-color has-link-color wp-elements-238ec36539661ffc9d856d1b7c0128c8\">SENASTE PROJEKTEN<\/h2>\n\n\n\n<div class=\"wp-block-query is-layout-flow wp-block-query-is-layout-flow\"><ul class=\"wp-block-post-template is-layout-grid wp-container-core-post-template-is-layout-b0b489e9 wp-block-post-template-is-layout-grid\"><li class=\"wp-block-post post-1 post type-post status-publish format-standard has-post-thumbnail hentry category-blog\">\n\n<div class=\"wp-block-group hover-animation is-vertical is-layout-flex wp-container-core-group-is-layout-f98cf28f wp-block-group-is-layout-flex\" style=\"min-height:270px;padding-top:0;padding-right:0;padding-bottom:0;padding-left:0\"><figure class=\"wp-block-post-featured-image wp-container-content-b04ba3db\"><a href=\"https:\/\/limebaymedia.fi\/sv\/blog\/2024\/11\/29\/hello-world\/\" target=\"_self\"  ><img loading=\"lazy\" decoding=\"async\" width=\"3334\" height=\"1882\" src=\"https:\/\/limebaymedia.fi\/wp-content\/uploads\/2024\/11\/Screenshot-2024-12-06-at-16.15.47.png\" class=\"attachment-post-thumbnail size-post-thumbnail wp-post-image\" alt=\"Finlands Svenska Skolungdomsf\u00f6rbund FSS\" style=\"object-fit:cover;box-shadow:var(--wp--preset--shadow--natural);\" srcset=\"https:\/\/limebaymedia.fi\/wp-content\/uploads\/2024\/11\/Screenshot-2024-12-06-at-16.15.47.png 3334w, https:\/\/limebaymedia.fi\/wp-content\/uploads\/2024\/11\/Screenshot-2024-12-06-at-16.15.47-300x169.png 300w, https:\/\/limebaymedia.fi\/wp-content\/uploads\/2024\/11\/Screenshot-2024-12-06-at-16.15.47-1024x578.png 1024w, https:\/\/limebaymedia.fi\/wp-content\/uploads\/2024\/11\/Screenshot-2024-12-06-at-16.15.47-768x434.png 768w, https:\/\/limebaymedia.fi\/wp-content\/uploads\/2024\/11\/Screenshot-2024-12-06-at-16.15.47-1536x867.png 1536w, https:\/\/limebaymedia.fi\/wp-content\/uploads\/2024\/11\/Screenshot-2024-12-06-at-16.15.47-2048x1156.png 2048w\" sizes=\"auto, (max-width: 3334px) 100vw, 3334px\" \/><\/a><\/figure>\n\n\n<div class=\"wp-block-group has-background has-global-padding is-layout-constrained wp-container-core-group-is-layout-08ff5abb wp-block-group-is-layout-constrained\" style=\"background-color:#4242429c;min-height:104px;margin-top:-128px;padding-top:var(--wp--preset--spacing--30);padding-right:var(--wp--preset--spacing--70);padding-bottom:var(--wp--preset--spacing--30);padding-left:var(--wp--preset--spacing--70)\"><h2 style=\"color:#f7f7f7; font-style:normal;font-weight:700;text-transform:uppercase;letter-spacing:1px; padding-top:0;padding-bottom:0;padding-left:0;padding-right:0;\" class=\"has-link-color wp-elements-ded435995ce5225b30bdc6e3f3910c1b wp-block-post-title has-text-color has-medium-font-size\">Finlands Svenska Skolungdomsf\u00f6rbund FSS<\/h2><\/div>\n<\/div>\n\n<\/li><li class=\"wp-block-post post-237 post type-post status-publish format-standard has-post-thumbnail hentry category-blog\">\n\n<div class=\"wp-block-group hover-animation is-vertical is-layout-flex wp-container-core-group-is-layout-f98cf28f wp-block-group-is-layout-flex\" style=\"min-height:270px;padding-top:0;padding-right:0;padding-bottom:0;padding-left:0\"><figure class=\"wp-block-post-featured-image wp-container-content-b04ba3db\"><a href=\"https:\/\/limebaymedia.fi\/sv\/blog\/2024\/11\/01\/medical-beauty-station\/\" target=\"_self\"  ><img loading=\"lazy\" decoding=\"async\" width=\"3328\" height=\"1882\" src=\"https:\/\/limebaymedia.fi\/wp-content\/uploads\/2024\/12\/Screenshot-2024-12-06-at-16.16.54.png\" class=\"attachment-post-thumbnail size-post-thumbnail wp-post-image\" alt=\"Medical Beauty Station\" style=\"object-fit:cover;box-shadow:var(--wp--preset--shadow--natural);\" srcset=\"https:\/\/limebaymedia.fi\/wp-content\/uploads\/2024\/12\/Screenshot-2024-12-06-at-16.16.54.png 3328w, https:\/\/limebaymedia.fi\/wp-content\/uploads\/2024\/12\/Screenshot-2024-12-06-at-16.16.54-300x170.png 300w, https:\/\/limebaymedia.fi\/wp-content\/uploads\/2024\/12\/Screenshot-2024-12-06-at-16.16.54-1024x579.png 1024w, https:\/\/limebaymedia.fi\/wp-content\/uploads\/2024\/12\/Screenshot-2024-12-06-at-16.16.54-768x434.png 768w, https:\/\/limebaymedia.fi\/wp-content\/uploads\/2024\/12\/Screenshot-2024-12-06-at-16.16.54-1536x869.png 1536w, https:\/\/limebaymedia.fi\/wp-content\/uploads\/2024\/12\/Screenshot-2024-12-06-at-16.16.54-2048x1158.png 2048w\" sizes=\"auto, (max-width: 3328px) 100vw, 3328px\" \/><\/a><\/figure>\n\n\n<div class=\"wp-block-group has-background has-global-padding is-layout-constrained wp-container-core-group-is-layout-08ff5abb wp-block-group-is-layout-constrained\" style=\"background-color:#4242429c;min-height:104px;margin-top:-128px;padding-top:var(--wp--preset--spacing--30);padding-right:var(--wp--preset--spacing--70);padding-bottom:var(--wp--preset--spacing--30);padding-left:var(--wp--preset--spacing--70)\"><h2 style=\"color:#f7f7f7; font-style:normal;font-weight:700;text-transform:uppercase;letter-spacing:1px; padding-top:0;padding-bottom:0;padding-left:0;padding-right:0;\" class=\"has-link-color wp-elements-ded435995ce5225b30bdc6e3f3910c1b wp-block-post-title has-text-color has-medium-font-size\">Medical Beauty Station<\/h2><\/div>\n<\/div>\n\n<\/li><\/ul><\/div>\n<\/div>\n<\/div><\/div>\n\n\n\n<div class=\"wp-block-cover has-parallax backdrop-blur has-aspect-ratio\" style=\"margin-top:0;margin-bottom:0;padding-top:0;padding-right:0;padding-bottom:0;padding-left:0;aspect-ratio:auto;min-height:unset;\"><div role=\"img\" aria-label=\"Authentication Failed \u2013\u00a0Please contact the administrator... Error code: -1 Login Retry. Binary HTML\/CSS Javascript source code. Made with analog vintage lens, Leica APO Macro Elmarit-R 2.8 100mm (Year: 1993)\" class=\"wp-block-cover__image-background wp-image-250 has-parallax\" style=\"background-position:50% 50%;background-image:url(https:\/\/limebaymedia.fi\/wp-content\/uploads\/2024\/12\/authentication-failed-please-contact-the-administrator-error-code-1-login-retry-binary-htmlcss-javascript-source-code-made-with-analog-vintage-lens-leica-apo-macro-elmarit-r-28-100mm-year-1993-stockpack-unsplash-scaled.jpg)\"><\/div><span aria-hidden=\"true\" class=\"wp-block-cover__background has-background-dim\" style=\"background-color:#3d3036\"><\/span><div class=\"wp-block-cover__inner-container is-layout-flow wp-container-core-cover-is-layout-6e8d8d04 wp-block-cover-is-layout-flow\">\n<div class=\"wp-block-group has-global-padding is-layout-constrained wp-container-core-group-is-layout-c4d9791c wp-block-group-is-layout-constrained\" style=\"margin-top:0;margin-bottom:0;padding-top:var(--wp--preset--spacing--80);padding-bottom:var(--wp--preset--spacing--80)\">\n<h2 class=\"wp-block-heading has-text-align-center has-text-color has-link-color wp-elements-3d8ee0b20c76d6086fd4fc4563bf11b8\" style=\"color:#ffffff\">Ta Kontakt!<\/h2>\n\n\n\n<p class=\"has-text-align-center\">LimeBay Media<\/p>\n\n\n\n<p class=\"has-text-align-center\">felix@limebaymedia.fi<\/p>\n\n\n\n<p class=\"has-text-align-center\">+358 45 351 5277<\/p>\n<\/div>\n<\/div><\/div>","protected":false},"excerpt":{"rendered":"<p>LimeBay Media Your creative companion LimeBay Media is a one-man media company based in Vaasa, Finland and mainly active in the Ostrobothnia region. LimeBay Media was founded by Felix Lindvik in 2024 with a vision to help customers telling their story through websites, and audiovisual material. Felix is specialised in creating attention-catching websites and tasteful [&hellip;]<\/p>\n","protected":false},"author":1,"featured_media":0,"parent":0,"menu_order":0,"comment_status":"closed","ping_status":"closed","template":"blank","meta":{"_eb_attr":"","footnotes":""},"class_list":["post-114","page","type-page","status-publish","hentry"],"_links":{"self":[{"href":"https:\/\/limebaymedia.fi\/sv\/wp-json\/wp\/v2\/pages\/114","targetHints":{"allow":["GET"]}}],"collection":[{"href":"https:\/\/limebaymedia.fi\/sv\/wp-json\/wp\/v2\/pages"}],"about":[{"href":"https:\/\/limebaymedia.fi\/sv\/wp-json\/wp\/v2\/types\/page"}],"author":[{"embeddable":true,"href":"https:\/\/limebaymedia.fi\/sv\/wp-json\/wp\/v2\/users\/1"}],"replies":[{"embeddable":true,"href":"https:\/\/limebaymedia.fi\/sv\/wp-json\/wp\/v2\/comments?post=114"}],"version-history":[{"count":184,"href":"https:\/\/limebaymedia.fi\/sv\/wp-json\/wp\/v2\/pages\/114\/revisions"}],"predecessor-version":[{"id":669,"href":"https:\/\/limebaymedia.fi\/sv\/wp-json\/wp\/v2\/pages\/114\/revisions\/669"}],"wp:attachment":[{"href":"https:\/\/limebaymedia.fi\/sv\/wp-json\/wp\/v2\/media?parent=114"}],"curies":[{"name":"wp","href":"https:\/\/api.w.org\/{rel}","templated":true}]}}